{"id":8978,"date":"2022-04-06T17:56:11","date_gmt":"2022-04-06T15:56:11","guid":{"rendered":"http:\/\/www.zsa.edu.pl\/?page_id=8978"},"modified":"2026-03-17T17:54:48","modified_gmt":"2026-03-17T16:54:48","slug":"rekrutacja-2022-2023","status":"publish","type":"page","link":"https:\/\/www.zsa.edu.pl\/?page_id=8978","title":{"rendered":"Rekrutacja 2026\/2027"},"content":{"rendered":"\n<p><\/p>\n\n\n\n<h2 style=\"text-align: center;\"><strong>Rekrutacja do liceum. Jak si\u0119 zapisa\u0107?<\/strong><\/h2>\n<h4>Wydrukuj i wype\u0142nij podanie do wybranej szko\u0142y. Dostarcz je do sekretariatu przy ul. Wojska Polskiego 46\/47 w S\u0142upsku. Podania do szk\u00f3\u0142 dost\u0119pne s\u0105 do pobrania poni\u017cej:<\/h4>\n\n\n\n<h4 style=\"text-align: center;\"><strong><a href=\"http:\/\/www.zsa.edu.pl\/wp-content\/uploads\/2026\/03\/podanie-2026_2027-OPW_WLO.pdf\" target=\"_blank\" rel=\"noopener\">Wojskowe Liceum Og\u00f3lnokszta\u0142c\u0105ce 2026\/2027<\/a><\/strong><\/h4>\n<p style=\"text-align: center;\"><strong>ODDZIA\u0141 PRZYGOTOWANIA WOJSKOWEGO<\/strong><\/p>\n<h4>&nbsp;<\/h4>\n<h4 style=\"text-align: center;\"><strong><a href=\"http:\/\/www.zsa.edu.pl\/wp-content\/uploads\/2026\/03\/podanie-2026_2027-PLO.pdf\" target=\"_blank\" rel=\"noopener\">Policyjne Liceum Og\u00f3lnokszta\u0142c\u0105ce nr 1 2026\/2027<\/a><\/strong><\/h4>\n<p style=\"text-align: center;\"><strong>ODDZIA\u0141 PRZYGOTOWANIA MUNDUROWEGO<\/strong><\/p>\n<h4>&nbsp;<\/h4>\n<h4 style=\"text-align: center;\"><strong><a href=\"http:\/\/www.zsa.edu.pl\/wp-content\/uploads\/2026\/03\/podanie-2026_2027-LOSGiSP.pdf\" target=\"_blank\" rel=\"noopener\">Liceum Og\u00f3lnokszta\u0142c\u0105ce Stra\u017cy Granicznej i Stra\u017cy Po\u017carnej 2026\/2027<\/a><\/strong><\/h4>\n<p style=\"text-align: center;\"><strong>profil stra\u017cy granicznej &#8211; ODDZIA\u0141 PRZYGOTOWANIA MUNDUROWEGO<\/strong><\/p>\n<h4>&nbsp;<\/h4>\n<h4 style=\"text-align: center;\"><strong><a href=\"http:\/\/www.zsa.edu.pl\/wp-content\/uploads\/2026\/03\/podanie-2026_2027-ALO-nr-1.pdf\" target=\"_blank\" rel=\"noopener\">Akademickie Liceum Og\u00f3lnokszta\u0142c\u0105ce nr 1 2026\/2027<\/a><\/strong><\/h4>\n\n\n\n<figure class=\"wp-block-image size-large\"><a href=\"https:\/\/www.zsa.edu.pl\/wp-content\/uploads\/2026\/03\/ULOTKA-X3-3_z_vlogerski.jpg\"><img loading=\"lazy\" decoding=\"async\" width=\"1024\" height=\"728\" src=\"https:\/\/www.zsa.edu.pl\/wp-content\/uploads\/2026\/03\/ULOTKA-X3-3_z_vlogerski-1024x728.jpg\" alt=\"\" class=\"wp-image-20154\" srcset=\"https:\/\/www.zsa.edu.pl\/wp-content\/uploads\/2026\/03\/ULOTKA-X3-3_z_vlogerski-1024x728.jpg 1024w, https:\/\/www.zsa.edu.pl\/wp-content\/uploads\/2026\/03\/ULOTKA-X3-3_z_vlogerski-300x213.jpg 300w, https:\/\/www.zsa.edu.pl\/wp-content\/uploads\/2026\/03\/ULOTKA-X3-3_z_vlogerski-768x546.jpg 768w, https:\/\/www.zsa.edu.pl\/wp-content\/uploads\/2026\/03\/ULOTKA-X3-3_z_vlogerski.jpg 1185w\" sizes=\"auto, (max-width: 1024px) 100vw, 1024px\" \/><\/a><\/figure>\n\n\n\n<figure class=\"wp-block-image size-large\"><a href=\"https:\/\/www.zsa.edu.pl\/wp-content\/uploads\/2026\/03\/ULOTKA-X3-3_str1.jpg\"><img loading=\"lazy\" decoding=\"async\" width=\"1024\" height=\"728\" src=\"https:\/\/www.zsa.edu.pl\/wp-content\/uploads\/2026\/03\/ULOTKA-X3-3_str1-1024x728.jpg\" alt=\"\" class=\"wp-image-20153\" srcset=\"https:\/\/www.zsa.edu.pl\/wp-content\/uploads\/2026\/03\/ULOTKA-X3-3_str1-1024x728.jpg 1024w, https:\/\/www.zsa.edu.pl\/wp-content\/uploads\/2026\/03\/ULOTKA-X3-3_str1-300x213.jpg 300w, https:\/\/www.zsa.edu.pl\/wp-content\/uploads\/2026\/03\/ULOTKA-X3-3_str1-768x546.jpg 768w, https:\/\/www.zsa.edu.pl\/wp-content\/uploads\/2026\/03\/ULOTKA-X3-3_str1.jpg 1185w\" sizes=\"auto, (max-width: 1024px) 100vw, 1024px\" \/><\/a><\/figure>\n\n\n\n<hr class=\"wp-block-separator has-css-opacity is-style-wide\"\/>\n\n\n\n<h1 style=\"text-align: center;\"><strong>Oferta edukacyjna Zespo\u0142u Szk\u00f3\u0142 Mundurowych w S\u0142upsku<\/strong><\/h1>\n<p style=\"text-align: center;\"><span style=\"font-weight: 400;\">Wychodz\u0105c naprzeciw zapotrzebowaniu spo\u0142ecznemu w szkole utworzono klasy mundurowe, realizuj\u0105ce dodatkowe zaj\u0119cia poza podstaw\u0105 programow\u0105, rozwijaj\u0105ce zainteresowania m\u0142odych ludzi, zwi\u0105zane z prac\u0105 w s\u0142u\u017cbach mundurowych.&nbsp;<\/span><\/p>\n<p style=\"text-align: center;\"><span style=\"font-weight: 400;\">&nbsp;G\u0142\u00f3wnym zadaniem szko\u0142y jest kszta\u0142cenie m\u0142odzie\u017cy na poziomie licealnym w porozumieniu i wsp\u00f3\u0142pracy z:<\/span><\/p>\n<ul>\n<li style=\"text-align: left;\"><strong>7. Brygad\u0105 Obrony Wybrze\u017ca w S\u0142upsku;<\/strong><\/li>\n<li style=\"text-align: left;\"><strong>Centralnym Poligonem Si\u0142 Powietrznych w Ustce;<\/strong><\/li>\n<li><strong>6. Wojskowym Oddzia\u0142em Gospodarczym w Ustce;<\/strong><\/li>\n<li><strong>Centrum Szkolenia Marynarki Wojennej w Ustce;<\/strong><\/li>\n<li style=\"text-align: left;\"><strong>Wojskow\u0105 Komend\u0105 Uzupe\u0142nie\u0144 w S\u0142upsku;<\/strong><\/li>\n<li style=\"text-align: left;\"><strong>Antyrakietow\u0105 Baz\u0105 USA w Redzikowie;<\/strong><\/li>\n<li style=\"text-align: left;\"><strong>Komend\u0105 Miejsk\u0105 Policji w S\u0142upsku;<\/strong><\/li>\n<li style=\"text-align: left;\"><strong>Szko\u0142\u0105 Policji w S\u0142upsku;<\/strong><\/li>\n<li style=\"text-align: left;\"><strong>Komend\u0105 Miejsk\u0105 Pa\u0144stwowej Stra\u017cy Po\u017carnej w S\u0142upsku;<\/strong><\/li>\n<li style=\"text-align: left;\"><strong>O\u015brodkiem Szkolenia Pa\u0144stwowej Stra\u017cy Po\u017carnej w S\u0142upsku;<\/strong><\/li>\n<li><strong>Centralnym O\u015brodkiem Szkolenia Stra\u017cy Granicznej w Koszalinie;<\/strong><\/li>\n<li style=\"text-align: left;\"><strong>Plac\u00f3wk\u0105 Stra\u017cy Granicznej w Ustce;<\/strong><\/li>\n<li><strong>Aresztem \u015aledczym w S\u0142upsku.<\/strong><\/li>\n<\/ul>\n<p style=\"text-align: center;\"><span style=\"font-weight: 400;\">Teoretyczne i praktyczne zaj\u0119cia profilowane maj\u0105 na celu przygotowanie absolwent\u00f3w Liceum do rekrutacji w wybranych zawodach mundurowych.<\/span><\/p>\n<p style=\"text-align: center;\"><span style=\"font-weight: 400;\">Dodatkowego wsparcia w tym zakresie udzieli\u0142 pocz\u0105tkowo Instytut Bezpiecze\u0144stwa Narodowego, a tak\u017ce inne Wydzia\u0142y i Instytuty Akademii Pomorskiej, daj\u0105c tym samym szans\u0119 na wzbogacenie umiej\u0119tno\u015bci uczni\u00f3w o wiedz\u0119 akademick\u0105 i specjalistyczn\u0105 wybranych przez m\u0142odzie\u017c s\u0142u\u017cbach mundurowych. Obie szko\u0142y wci\u0105\u017c wzbogacaj\u0105 swoj\u0105 ofert\u0119 i ciesz\u0105 si\u0119 du\u017cym zainteresowaniem.<\/span><\/p>\n<p style=\"text-align: center;\"><b>Nasze atuty to:<\/b><\/p>\n<ul>\n<li><strong>zaj\u0119cia i szkolenia w jednostkach s\u0142u\u017cb mundurowych;&nbsp;&nbsp;<\/strong><\/li>\n<li><strong>obozy szkoleniowe;<\/strong><\/li>\n<li><strong>zaj\u0119cia na strzelnicy;<\/strong><\/li>\n<li><strong>zaj\u0119cia terenowo-survivalowe;<\/strong><\/li>\n<li><strong>zapewniamy podstawowe umundurowanie;<\/strong><\/li>\n<li><strong>kurs pierwszej pomocy przedmedycznej;<\/strong><\/li>\n<li style=\"font-weight: 400;\" aria-level=\"1\"><strong>stypendia dla najlepszych, pomoc materialna dla potrzebuj\u0105cych;<\/strong><\/li>\n<li style=\"font-weight: 400;\" aria-level=\"1\"><strong>zapewniamy najwy\u017cszy poziom bezpiecze\u0144stwa naszym uczniom;<\/strong><\/li>\n<\/ul>\n\n\n\n<p style=\"text-align: center;\"><strong>Nauka w naszym Zespole jest kierowana do absolwent\u00f3w szk\u00f3\u0142 podstawowych, kt\u00f3rzy zamierzaj\u0105 podj\u0105\u0107 dalsz\u0105 nauk\u0119 o sprofilowanej postaci typowego kszta\u0142cenia<\/strong><\/p>\n<p>Podstaw\u0119 programow\u0105 wzbogacamy o szkolenie specjalistyczne w zakresie reagowania na zagro\u017cenia i sytuacje kryzysowe, przy wykorzystaniu technik kryminalistycznych, zaj\u0119\u0107 poligonowych, wychowania fizycznego z elementami sztuk walki, zasad udzielania pierwszej pomocy, szkolenia militarno-survivalowego.<\/p>\n<p>Ponadto uczymy j\u0119zyk\u00f3w obcych z uwzgl\u0119dnieniem potrzeb s\u0142u\u017cb mundurowych na poziomie wymaganym przez NATO.<\/p>\n<p style=\"text-align: left;\" align=\"center\"><strong>Pragniemy realizowa\u0107 podstaw\u0119 programow\u0105 wzbogacon\u0105 o:<\/strong><\/p>\n<ul>\n<li style=\"text-align: left;\">zwi\u0119kszon\u0105 liczb\u0119 godzin wychowania fizycznego;<\/li>\n<li>zaj\u0119cia pozalekcyjne z edukacji dla bezpiecze\u0144stwa;<\/li>\n<li>zaj\u0119cia sportowe z elementami samoobrony, sport\u00f3w walki, musztry;<\/li>\n<li>wyjazdy na zaj\u0119cia w jednostkach wojskowych;<\/li>\n<li>ko\u0142o naukowe bezpiecze\u0144stwa narodowego ze spotkaniami dotycz\u0105cymi obronno\u015bci, historii militarnej i politycznej.<\/li>\n<\/ul>\n<p><strong>Szko\u0142a mundurowa &#8211; dla kogo?<\/strong><\/p>\n<p>&#8211; dla&nbsp;ka\u017cdego,&nbsp;kto&nbsp;swoj\u0105&nbsp;przysz\u0142o\u015b\u0107&nbsp;wi\u0105\u017ce&nbsp;ze&nbsp;s\u0142u\u017cb\u0105&nbsp;w&nbsp;mundurze;<br>&#8211; dla&nbsp;tych,&nbsp;kt\u00f3rym&nbsp;szczeg\u00f3lnie&nbsp;cenna&nbsp;jest&nbsp;tradycja&nbsp;or\u0119\u017ca&nbsp;polskiego;<br>&#8211; dla wszystkich, kt\u00f3rym bezpiecze\u0144stwo kraju i jego obywateli nie jest oboj\u0119tne.<\/p>\n<p><strong>Szko\u0142a mundurowa &#8211; i co dalej?<\/strong><\/p>\n<p>Absolwent profilu s\u0142u\u017cb mundurowych posiada odpowiednie umiej\u0119tno\u015bci i wiedz\u0119 do podj\u0119cia s\u0142u\u017cby w formacjach wojska, policji, stra\u017cy granicznej, stra\u017cy po\u017carnej oraz w oddzia\u0142ach obrony terytorialnej.<br>Nasz absolwent dzi\u0119ki nabytej wiedzy mo\u017ce z powodzeniem rozpocz\u0105\u0107 studia z zakresu obrony narodowej w Akademii Pomorskiej oraz innych uczelniach cywilnych i wojskowych o podobnym profilu.<\/p>\n\n\n\n<p><\/p>\n","protected":false},"excerpt":{"rendered":"<p>Rekrutacja do liceum. Jak si\u0119 zapisa\u0107? Wydrukuj i wype\u0142nij podanie do wybranej szko\u0142y. Dostarcz je do sekretariatu przy ul. Wojska Polskiego 46\/47 w S\u0142upsku. Podania do szk\u00f3\u0142 dost\u0119pne s\u0105 do pobrania poni\u017cej: Wojskowe Liceum Og\u00f3lnokszta\u0142c\u0105ce 2026\/2027 ODDZIA\u0141 PRZYGOTOWANIA WOJSKOWEGO &nbsp; Policyjne Liceum Og\u00f3lnokszta\u0142c\u0105ce nr 1 2026\/2027 ODDZIA\u0141 PRZYGOTOWANIA MUNDUROWEGO &nbsp; Liceum Og\u00f3lnokszta\u0142c\u0105ce Stra\u017cy Granicznej i &hellip;<\/p>\n<p class=\"read-more\"> <a class=\"\" href=\"https:\/\/www.zsa.edu.pl\/?page_id=8978\"> <span class=\"screen-reader-text\">Rekrutacja 2026\/2027<\/span> Read More &raquo;<\/a><\/p>\n","protected":false},"author":2,"featured_media":0,"parent":0,"menu_order":0,"comment_status":"closed","ping_status":"closed","template":"","meta":{"site-sidebar-layout":"default","site-content-layout":"plain-container","ast-main-header-display":"disabled","ast-hfb-above-header-display":"","ast-hfb-below-header-display":"","ast-hfb-mobile-header-display":"","site-post-title":"disabled","ast-breadcrumbs-content":"","ast-featured-img":"","footer-sml-layout":"","theme-transparent-header-meta":"","adv-header-id-meta":"","stick-header-meta":"","header-above-stick-meta":"","header-main-stick-meta":"","header-below-stick-meta":"","ngg_post_thumbnail":0,"footnotes":""},"class_list":["post-8978","page","type-page","status-publish","hentry"],"_links":{"self":[{"href":"https:\/\/www.zsa.edu.pl\/index.php?rest_route=\/wp\/v2\/pages\/8978","targetHints":{"allow":["GET"]}}],"collection":[{"href":"https:\/\/www.zsa.edu.pl\/index.php?rest_route=\/wp\/v2\/pages"}],"about":[{"href":"https:\/\/www.zsa.edu.pl\/index.php?rest_route=\/wp\/v2\/types\/page"}],"author":[{"embeddable":true,"href":"https:\/\/www.zsa.edu.pl\/index.php?rest_route=\/wp\/v2\/users\/2"}],"replies":[{"embeddable":true,"href":"https:\/\/www.zsa.edu.pl\/index.php?rest_route=%2Fwp%2Fv2%2Fcomments&post=8978"}],"version-history":[{"count":64,"href":"https:\/\/www.zsa.edu.pl\/index.php?rest_route=\/wp\/v2\/pages\/8978\/revisions"}],"predecessor-version":[{"id":20228,"href":"https:\/\/www.zsa.edu.pl\/index.php?rest_route=\/wp\/v2\/pages\/8978\/revisions\/20228"}],"wp:attachment":[{"href":"https:\/\/www.zsa.edu.pl\/index.php?rest_route=%2Fwp%2Fv2%2Fmedia&parent=8978"}],"curies":[{"name":"wp","href":"https:\/\/api.w.org\/{rel}","templated":true}]}}