{"id":8507,"date":"2022-02-26T12:45:06","date_gmt":"2022-02-26T11:45:06","guid":{"rendered":"http:\/\/www.zsa.edu.pl\/?page_id=8507"},"modified":"2022-11-07T17:14:13","modified_gmt":"2022-11-07T16:14:13","slug":"przydatne-linki","status":"publish","type":"page","link":"https:\/\/www.zsa.edu.pl\/?page_id=8507","title":{"rendered":"Przydatne linki"},"content":{"rendered":"\n<p><img loading=\"lazy\" decoding=\"async\" class=\"alignnone wp-image-8903 size-full\" src=\"http:\/\/www.zsa.edu.pl\/wp-content\/uploads\/2022\/03\/PRZYDATNE-LINKI.png\" alt=\"\" width=\"1000\" height=\"250\" srcset=\"https:\/\/www.zsa.edu.pl\/wp-content\/uploads\/2022\/03\/PRZYDATNE-LINKI.png 1000w, https:\/\/www.zsa.edu.pl\/wp-content\/uploads\/2022\/03\/PRZYDATNE-LINKI-300x75.png 300w, https:\/\/www.zsa.edu.pl\/wp-content\/uploads\/2022\/03\/PRZYDATNE-LINKI-768x192.png 768w\" sizes=\"auto, (max-width: 1000px) 100vw, 1000px\" \/><\/p>\n\n\n\n<h3 style=\"text-align: center;\"><strong><a href=\"_wp_link_placeholder\" data-wplink-edit=\"true\">Katalog Pomorskiej Biblioteki Pedagogicznej<\/a><\/strong><\/h3>\n\n\n\n<h3 class=\"has-text-align-center\"><a href=\"https:\/\/katalog.biblioteka.slupsk.pl\/\"><strong>Katalog Biblioteki Miejskiej<\/strong><\/a><\/h3>\n\n\n\n<h3 style=\"text-align: center;\"><a href=\"_wp_link_placeholder\" data-wplink-edit=\"true\"><strong>Motywy na matur\u0119 z j\u0119zyka polskiego<\/strong><\/a><\/h3>\n\n\n\n<h3 style=\"text-align: center;\"><a href=\"_wp_link_placeholder\" data-wplink-edit=\"true\"><strong>Jak powt\u00f3rzy\u0107 wszystkie lektury do matury?<\/strong><\/a><\/h3>\n\n\n\n<p><\/p>\n","protected":false},"excerpt":{"rendered":"<p>Katalog Pomorskiej Biblioteki Pedagogicznej Katalog Biblioteki Miejskiej Motywy na matur\u0119 z j\u0119zyka polskiego Jak powt\u00f3rzy\u0107 wszystkie lektury do matury?<\/p>\n","protected":false},"author":2,"featured_media":0,"parent":0,"menu_order":0,"comment_status":"closed","ping_status":"closed","template":"","meta":{"site-sidebar-layout":"default","site-content-layout":"plain-container","ast-main-header-display":"disabled","ast-hfb-above-header-display":"","ast-hfb-below-header-display":"","ast-hfb-mobile-header-display":"","site-post-title":"disabled","ast-breadcrumbs-content":"","ast-featured-img":"","footer-sml-layout":"","theme-transparent-header-meta":"","adv-header-id-meta":"","stick-header-meta":"","header-above-stick-meta":"","header-main-stick-meta":"","header-below-stick-meta":"","ngg_post_thumbnail":0,"footnotes":""},"class_list":["post-8507","page","type-page","status-publish","hentry"],"_links":{"self":[{"href":"https:\/\/www.zsa.edu.pl\/index.php?rest_route=\/wp\/v2\/pages\/8507","targetHints":{"allow":["GET"]}}],"collection":[{"href":"https:\/\/www.zsa.edu.pl\/index.php?rest_route=\/wp\/v2\/pages"}],"about":[{"href":"https:\/\/www.zsa.edu.pl\/index.php?rest_route=\/wp\/v2\/types\/page"}],"author":[{"embeddable":true,"href":"https:\/\/www.zsa.edu.pl\/index.php?rest_route=\/wp\/v2\/users\/2"}],"replies":[{"embeddable":true,"href":"https:\/\/www.zsa.edu.pl\/index.php?rest_route=%2Fwp%2Fv2%2Fcomments&post=8507"}],"version-history":[{"count":8,"href":"https:\/\/www.zsa.edu.pl\/index.php?rest_route=\/wp\/v2\/pages\/8507\/revisions"}],"predecessor-version":[{"id":11195,"href":"https:\/\/www.zsa.edu.pl\/index.php?rest_route=\/wp\/v2\/pages\/8507\/revisions\/11195"}],"wp:attachment":[{"href":"https:\/\/www.zsa.edu.pl\/index.php?rest_route=%2Fwp%2Fv2%2Fmedia&parent=8507"}],"curies":[{"name":"wp","href":"https:\/\/api.w.org\/{rel}","templated":true}]}}