{"id":8501,"date":"2022-02-26T12:38:23","date_gmt":"2022-02-26T11:38:23","guid":{"rendered":"http:\/\/www.zsa.edu.pl\/?page_id=8501"},"modified":"2022-05-07T11:23:23","modified_gmt":"2022-05-07T09:23:23","slug":"zapytaj-bibliotekarza","status":"publish","type":"page","link":"https:\/\/www.zsa.edu.pl\/?page_id=8501","title":{"rendered":"Zapytaj bibliotekarza"},"content":{"rendered":"\n<p><img loading=\"lazy\" decoding=\"async\" class=\"alignnone size-full wp-image-9311\" src=\"http:\/\/www.zsa.edu.pl\/wp-content\/uploads\/2022\/04\/ZAPYTAJ-BIBLIOTEKARZA.png\" alt=\"\" width=\"1000\" height=\"250\" srcset=\"https:\/\/www.zsa.edu.pl\/wp-content\/uploads\/2022\/04\/ZAPYTAJ-BIBLIOTEKARZA.png 1000w, https:\/\/www.zsa.edu.pl\/wp-content\/uploads\/2022\/04\/ZAPYTAJ-BIBLIOTEKARZA-300x75.png 300w, https:\/\/www.zsa.edu.pl\/wp-content\/uploads\/2022\/04\/ZAPYTAJ-BIBLIOTEKARZA-768x192.png 768w\" sizes=\"auto, (max-width: 1000px) 100vw, 1000px\" \/><\/p>\n\n\n\n<p>Masz pytanie zwi\u0105zane ze szkoln\u0105 bibliotek\u0105? Napisz na adres: <a rel=\"noreferrer noopener\" href=\"mailto:biblioteka@zsa.edu.pl\" target=\"_blank\"><\/a><a rel=\"noreferrer noopener\" href=\"mailto:biblioteka@zsa.edu.pl\" target=\"_blank\">biblioteka@zsa.edu.pl<\/a><\/p>\n","protected":false},"excerpt":{"rendered":"<p>Masz pytanie zwi\u0105zane ze szkoln\u0105 bibliotek\u0105? Napisz na adres: biblioteka@zsa.edu.pl<\/p>\n","protected":false},"author":2,"featured_media":0,"parent":0,"menu_order":0,"comment_status":"closed","ping_status":"closed","template":"","meta":{"site-sidebar-layout":"default","site-content-layout":"plain-container","ast-main-header-display":"disabled","ast-hfb-above-header-display":"","ast-hfb-below-header-display":"","ast-hfb-mobile-header-display":"","site-post-title":"disabled","ast-breadcrumbs-content":"","ast-featured-img":"","footer-sml-layout":"","theme-transparent-header-meta":"","adv-header-id-meta":"","stick-header-meta":"","header-above-stick-meta":"","header-main-stick-meta":"","header-below-stick-meta":"","ngg_post_thumbnail":0,"footnotes":""},"class_list":["post-8501","page","type-page","status-publish","hentry"],"_links":{"self":[{"href":"https:\/\/www.zsa.edu.pl\/index.php?rest_route=\/wp\/v2\/pages\/8501","targetHints":{"allow":["GET"]}}],"collection":[{"href":"https:\/\/www.zsa.edu.pl\/index.php?rest_route=\/wp\/v2\/pages"}],"about":[{"href":"https:\/\/www.zsa.edu.pl\/index.php?rest_route=\/wp\/v2\/types\/page"}],"author":[{"embeddable":true,"href":"https:\/\/www.zsa.edu.pl\/index.php?rest_route=\/wp\/v2\/users\/2"}],"replies":[{"embeddable":true,"href":"https:\/\/www.zsa.edu.pl\/index.php?rest_route=%2Fwp%2Fv2%2Fcomments&post=8501"}],"version-history":[{"count":5,"href":"https:\/\/www.zsa.edu.pl\/index.php?rest_route=\/wp\/v2\/pages\/8501\/revisions"}],"predecessor-version":[{"id":9491,"href":"https:\/\/www.zsa.edu.pl\/index.php?rest_route=\/wp\/v2\/pages\/8501\/revisions\/9491"}],"wp:attachment":[{"href":"https:\/\/www.zsa.edu.pl\/index.php?rest_route=%2Fwp%2Fv2%2Fmedia&parent=8501"}],"curies":[{"name":"wp","href":"https:\/\/api.w.org\/{rel}","templated":true}]}}