{"id":246,"date":"2017-11-19T00:03:17","date_gmt":"2017-11-18T23:03:17","guid":{"rendered":"http:\/\/www.beta.zsa.edu.pl\/?page_id=246"},"modified":"2026-04-02T18:27:10","modified_gmt":"2026-04-02T16:27:10","slug":"liceum","status":"publish","type":"page","link":"https:\/\/www.zsa.edu.pl\/?page_id=246","title":{"rendered":"Oferta Edukacyjna"},"content":{"rendered":"\n<figure class=\"wp-block-image size-large\"><img loading=\"lazy\" decoding=\"async\" class=\"alignnone wp-image-9278 size-full\" src=\"http:\/\/www.zsa.edu.pl\/wp-content\/uploads\/2022\/04\/LICEUM-BANNER-1.png\" alt=\"\" width=\"3456\" height=\"1728\" srcset=\"https:\/\/www.zsa.edu.pl\/wp-content\/uploads\/2022\/04\/LICEUM-BANNER-1.png 3456w, https:\/\/www.zsa.edu.pl\/wp-content\/uploads\/2022\/04\/LICEUM-BANNER-1-300x150.png 300w, https:\/\/www.zsa.edu.pl\/wp-content\/uploads\/2022\/04\/LICEUM-BANNER-1-1024x512.png 1024w, https:\/\/www.zsa.edu.pl\/wp-content\/uploads\/2022\/04\/LICEUM-BANNER-1-768x384.png 768w, https:\/\/www.zsa.edu.pl\/wp-content\/uploads\/2022\/04\/LICEUM-BANNER-1-1536x768.png 1536w, https:\/\/www.zsa.edu.pl\/wp-content\/uploads\/2022\/04\/LICEUM-BANNER-1-2048x1024.png 2048w\" sizes=\"auto, (max-width: 3456px) 100vw, 3456px\" \/><\/figure>\n\n\n\n<h1 align=\"center\">Zapraszamy ch\u0119tnych do nauki&nbsp;<br>w Zespole Szk\u00f3\u0142 Mundurowych w S\u0142upsku!<\/h1>\n\n\n\n<details class=\"wp-block-details has-medium-font-size is-layout-flow wp-block-details-is-layout-flow\"><summary><strong>WOJSKOWE LICEUM OG\u00d3LNOKSZTA\u0141C\u0104CE (OPW)<\/strong><\/summary>\n<p><\/p>\n\n\n\n<div class=\"wp-block-media-text is-stacked-on-mobile\" style=\"grid-template-columns:35% auto\"><figure class=\"wp-block-media-text__media\"><img loading=\"lazy\" decoding=\"async\" width=\"683\" height=\"1024\" src=\"https:\/\/www.zsa.edu.pl\/wp-content\/uploads\/2026\/03\/klasa-wojskowa-2-683x1024.jpg\" alt=\"\" class=\"wp-image-20231 size-full\" srcset=\"https:\/\/www.zsa.edu.pl\/wp-content\/uploads\/2026\/03\/klasa-wojskowa-2-683x1024.jpg 683w, https:\/\/www.zsa.edu.pl\/wp-content\/uploads\/2026\/03\/klasa-wojskowa-2-200x300.jpg 200w, https:\/\/www.zsa.edu.pl\/wp-content\/uploads\/2026\/03\/klasa-wojskowa-2-768x1152.jpg 768w, https:\/\/www.zsa.edu.pl\/wp-content\/uploads\/2026\/03\/klasa-wojskowa-2-1024x1536.jpg 1024w, https:\/\/www.zsa.edu.pl\/wp-content\/uploads\/2026\/03\/klasa-wojskowa-2-1366x2048.jpg 1366w, https:\/\/www.zsa.edu.pl\/wp-content\/uploads\/2026\/03\/klasa-wojskowa-2-scaled.jpg 1707w\" sizes=\"auto, (max-width: 683px) 100vw, 683px\" \/><\/figure><div class=\"wp-block-media-text__content\">\n<p>   <strong>     CO U NAS ZYSKASZ?<\/strong><\/p>\n\n\n\n<ul>\n<li>zaj\u0119cia w jednostkach wojskowych pod patronatem MON,<\/li>\n<li>obozy i szkolenia terenowe,&nbsp;<\/li>\n<li>zaj\u0119cia z survivalu, strzelectwa i samoobrony,<\/li>\n<li>nauk\u0119 musztry i dyscypliny<\/li>\n<li>mundur i niezb\u0119dny sprz\u0119t<\/li>\n<\/ul>\n<\/div><\/div>\n<\/details>\n\n\n\n<details class=\"wp-block-details has-medium-font-size is-layout-flow wp-block-details-is-layout-flow\"><summary><strong>POLICYJNE LICEUM OG\u00d3LNOKSZTA\u0141C\u0104CE NR 1 (OPM)<\/strong><\/summary>\n<p><\/p>\n\n\n\n<div class=\"wp-block-media-text is-stacked-on-mobile has-medium-font-size\" style=\"grid-template-columns:35% auto\"><figure class=\"wp-block-media-text__media\"><img loading=\"lazy\" decoding=\"async\" width=\"1024\" height=\"768\" src=\"https:\/\/www.zsa.edu.pl\/wp-content\/uploads\/2026\/03\/klasa-policyjna-3-1024x768.jpg\" alt=\"\" class=\"wp-image-20232 size-full\" srcset=\"https:\/\/www.zsa.edu.pl\/wp-content\/uploads\/2026\/03\/klasa-policyjna-3-1024x768.jpg 1024w, https:\/\/www.zsa.edu.pl\/wp-content\/uploads\/2026\/03\/klasa-policyjna-3-300x225.jpg 300w, https:\/\/www.zsa.edu.pl\/wp-content\/uploads\/2026\/03\/klasa-policyjna-3-768x576.jpg 768w, https:\/\/www.zsa.edu.pl\/wp-content\/uploads\/2026\/03\/klasa-policyjna-3-1536x1152.jpg 1536w, https:\/\/www.zsa.edu.pl\/wp-content\/uploads\/2026\/03\/klasa-policyjna-3.jpg 2048w\" sizes=\"auto, (max-width: 1024px) 100vw, 1024px\" \/><\/figure><div class=\"wp-block-media-text__content\">\n<p class=\"has-medium-font-size\">   <strong>     CO U NAS ZYSKASZ?<\/strong><\/p>\n\n\n\n<ul>\n<li>nauk\u0119 w Oddziale o Profilu Mundurowym pod patronatem MSWiA,<\/li>\n<li>obozy i szkolenia terenowe,&nbsp;<\/li>\n<li>zaj\u0119cia w jednostkach mundurowych,<\/li>\n<li>udzia\u0142 w treningach terenowych: strzelectwo, samoobrona,<\/li>\n<li>zaj\u0119cia na strzelnicy wirtualnej,&nbsp;<\/li>\n<li>mundur i wyposa\u017cenie.<\/li>\n<\/ul>\n<\/div><\/div>\n<\/details>\n\n\n\n<details class=\"wp-block-details has-medium-font-size is-layout-flow wp-block-details-is-layout-flow\"><summary><strong>LICEUM OG\u00d3LNOKSZTA\u0141C\u0104CE STRA\u017bY GRANICZNEJ I STRA\u017bY PO\u017bARNEJ<\/strong><\/summary>\n<details class=\"wp-block-details has-medium-font-size is-layout-flow wp-block-details-is-layout-flow\"><summary>PROFIL STRA\u017bY GRANICZNEJ (OPM)<\/summary>\n<div class=\"wp-block-media-text is-stacked-on-mobile\" style=\"grid-template-columns:42% auto\"><figure class=\"wp-block-media-text__media\"><img loading=\"lazy\" decoding=\"async\" width=\"1024\" height=\"682\" src=\"http:\/\/www.zsa.edu.pl\/wp-content\/uploads\/2025\/09\/539202723_1220110946809535_6626009247757119304_n-1024x682.jpg\" alt=\"\" class=\"wp-image-19088 size-full\" srcset=\"https:\/\/www.zsa.edu.pl\/wp-content\/uploads\/2025\/09\/539202723_1220110946809535_6626009247757119304_n-1024x682.jpg 1024w, https:\/\/www.zsa.edu.pl\/wp-content\/uploads\/2025\/09\/539202723_1220110946809535_6626009247757119304_n-300x200.jpg 300w, https:\/\/www.zsa.edu.pl\/wp-content\/uploads\/2025\/09\/539202723_1220110946809535_6626009247757119304_n-768x511.jpg 768w, https:\/\/www.zsa.edu.pl\/wp-content\/uploads\/2025\/09\/539202723_1220110946809535_6626009247757119304_n-1536x1022.jpg 1536w, https:\/\/www.zsa.edu.pl\/wp-content\/uploads\/2025\/09\/539202723_1220110946809535_6626009247757119304_n.jpg 1600w\" sizes=\"auto, (max-width: 1024px) 100vw, 1024px\" \/><\/figure><div class=\"wp-block-media-text__content\">\n<p><\/p>\n\n\n\n<p><strong>CO U NAS ZYSKASZ?<\/strong><\/p>\n<ul>\n<li>nauk\u0119 w Oddziale o Profilu Mundurowym pod patronatem MSWiA,<\/li>\n<li>obozy i szkolenia terenowe,&nbsp;<\/li>\n<li>zaj\u0119cia w jednostkach mundurowych,<\/li>\n<li>udzia\u0142 w treningach terenowych: strzelectwo, samoobrona,<\/li>\n<li>zaj\u0119cia na strzelnicy wirtualnej,&nbsp;<\/li>\n<li>mundur i wyposa\u017cenie.<\/li>\n<\/ul>\n<\/div><\/div>\n<\/details>\n\n\n\n<details class=\"wp-block-details has-medium-font-size is-layout-flow wp-block-details-is-layout-flow\"><summary>PROFIL STRA\u017bY PO\u017bARNEJ<\/summary>\n<p><\/p>\n\n\n\n<div class=\"wp-block-media-text is-stacked-on-mobile has-medium-font-size\" style=\"grid-template-columns:41% auto\"><figure class=\"wp-block-media-text__media\"><img loading=\"lazy\" decoding=\"async\" width=\"768\" height=\"1024\" src=\"https:\/\/www.zsa.edu.pl\/wp-content\/uploads\/2026\/03\/klasa-strazacka-768x1024.jpeg\" alt=\"\" class=\"wp-image-20240 size-full\" srcset=\"https:\/\/www.zsa.edu.pl\/wp-content\/uploads\/2026\/03\/klasa-strazacka-768x1024.jpeg 768w, https:\/\/www.zsa.edu.pl\/wp-content\/uploads\/2026\/03\/klasa-strazacka-225x300.jpeg 225w, https:\/\/www.zsa.edu.pl\/wp-content\/uploads\/2026\/03\/klasa-strazacka-1152x1536.jpeg 1152w, https:\/\/www.zsa.edu.pl\/wp-content\/uploads\/2026\/03\/klasa-strazacka.jpeg 1536w\" sizes=\"auto, (max-width: 768px) 100vw, 768px\" \/><\/figure><div class=\"wp-block-media-text__content\">\n<p><\/p>\n\n\n\n<p><strong>CO U NAS ZYSKASZ?&nbsp;<\/strong><\/p>\n<ul>\n<li>zaj\u0119cia z ratownictwa i pierwszej pomocy,<\/li>\n<li>treningi sprawno\u015bciowe,<\/li>\n<li>zaj\u0119cia w jednostkach stra\u017cy po\u017carnej,<\/li>\n<li>udzia\u0142 w obozach szkoleniowych,<\/li>\n<li>zaj\u0119cia terenowe i survivalowe,<\/li>\n<li>mundur i sprz\u0119t.<\/li>\n<\/ul>\n<\/div><\/div>\n<\/details>\n<\/details>\n\n\n\n<details class=\"wp-block-details has-medium-font-size is-layout-flow wp-block-details-is-layout-flow\"><summary><strong>AKADEMICKIE LICEUM OG\u00d3LNOKSZTA\u0141C\u0104CE NR 1<\/strong><\/summary>\n<details class=\"wp-block-details has-medium-font-size is-layout-flow wp-block-details-is-layout-flow\"><summary>PROFIL PSYCHOLOGICZNY<\/summary>\n<div class=\"wp-block-media-text is-stacked-on-mobile\" style=\"grid-template-columns:41% auto\"><figure class=\"wp-block-media-text__media\"><img loading=\"lazy\" decoding=\"async\" width=\"1024\" height=\"683\" src=\"https:\/\/www.zsa.edu.pl\/wp-content\/uploads\/2026\/03\/profil-psychologiczny-1024x683.jpg\" alt=\"\" class=\"wp-image-20245 size-full\" srcset=\"https:\/\/www.zsa.edu.pl\/wp-content\/uploads\/2026\/03\/profil-psychologiczny-1024x683.jpg 1024w, https:\/\/www.zsa.edu.pl\/wp-content\/uploads\/2026\/03\/profil-psychologiczny-300x200.jpg 300w, https:\/\/www.zsa.edu.pl\/wp-content\/uploads\/2026\/03\/profil-psychologiczny-768x512.jpg 768w, https:\/\/www.zsa.edu.pl\/wp-content\/uploads\/2026\/03\/profil-psychologiczny-1536x1024.jpg 1536w, https:\/\/www.zsa.edu.pl\/wp-content\/uploads\/2026\/03\/profil-psychologiczny-2048x1365.jpg 2048w\" sizes=\"auto, (max-width: 1024px) 100vw, 1024px\" \/><\/figure><div class=\"wp-block-media-text__content\">\n<p><\/p>\n\n\n\n<p><strong>CO U NAS ZYSKASZ?<\/strong><\/p>\n<ul>\n<li>zaj\u0119cia z psychologii i relacji mi\u0119dzyludzkich,<\/li>\n<li>nauk\u0119 komunikacji i empatii,<\/li>\n<li>debaty i projekty spo\u0142eczne,<\/li>\n<li>wst\u0119pne przygotowanie do studi\u00f3w na kierunkach: psychologia, socjologia, pedagogika,<\/li>\n<li>przygotowanie do matury.&nbsp;<\/li>\n<\/ul>\n<\/div><\/div>\n<\/details>\n\n\n\n<details class=\"wp-block-details has-medium-font-size is-layout-flow wp-block-details-is-layout-flow\"><summary>PROFIL INFLUENCERSKI<\/summary>\n<p><\/p>\n\n\n\n<div class=\"wp-block-media-text is-stacked-on-mobile has-medium-font-size\" style=\"grid-template-columns:41% auto\"><figure class=\"wp-block-media-text__media\"><img loading=\"lazy\" decoding=\"async\" width=\"1024\" height=\"576\" src=\"https:\/\/www.zsa.edu.pl\/wp-content\/uploads\/2026\/03\/klasa-influencerska-freepik-1024x576.jpg\" alt=\"\" class=\"wp-image-20243 size-full\" srcset=\"https:\/\/www.zsa.edu.pl\/wp-content\/uploads\/2026\/03\/klasa-influencerska-freepik-1024x576.jpg 1024w, https:\/\/www.zsa.edu.pl\/wp-content\/uploads\/2026\/03\/klasa-influencerska-freepik-300x169.jpg 300w, https:\/\/www.zsa.edu.pl\/wp-content\/uploads\/2026\/03\/klasa-influencerska-freepik-768x432.jpg 768w, https:\/\/www.zsa.edu.pl\/wp-content\/uploads\/2026\/03\/klasa-influencerska-freepik-1536x864.jpg 1536w, https:\/\/www.zsa.edu.pl\/wp-content\/uploads\/2026\/03\/klasa-influencerska-freepik-2048x1152.jpg 2048w\" sizes=\"auto, (max-width: 1024px) 100vw, 1024px\" \/><\/figure><div class=\"wp-block-media-text__content\">\n<p><\/p>\n\n\n\n<p><strong>CO U NAS ZYSKASZ?&nbsp;<\/strong><\/p>\n<ul>\n<li>zaj\u0119cia z nagrywania i tworzenia film\u00f3w,&nbsp;<\/li>\n<li>praktyczne lekcje z kamer\u0105 i mikrofonem,<\/li>\n<li>zaj\u0119cia z budowania marki osobistej,<\/li>\n<li>udzia\u0142 w projektach medialnych,<\/li>\n<li>zaj\u0119cia z prowadzenia social medi\u00f3w,&nbsp;<\/li>\n<li>szkolenia o bezpiecze\u0144stwie w sieci.<\/li>\n<\/ul>\n<\/div><\/div>\n<\/details>\n\n\n\n<details class=\"wp-block-details has-medium-font-size is-layout-flow wp-block-details-is-layout-flow\"><summary>PROFIL OG\u00d3LNY<\/summary>\n<p><\/p>\n\n\n\n<div class=\"wp-block-media-text is-stacked-on-mobile has-medium-font-size\" style=\"grid-template-columns:41% auto\"><figure class=\"wp-block-media-text__media\"><img loading=\"lazy\" decoding=\"async\" width=\"1024\" height=\"683\" src=\"https:\/\/www.zsa.edu.pl\/wp-content\/uploads\/2026\/03\/profil-ogolny-1024x683.jpg\" alt=\"\" class=\"wp-image-20246 size-full\" srcset=\"https:\/\/www.zsa.edu.pl\/wp-content\/uploads\/2026\/03\/profil-ogolny-1024x683.jpg 1024w, https:\/\/www.zsa.edu.pl\/wp-content\/uploads\/2026\/03\/profil-ogolny-300x200.jpg 300w, https:\/\/www.zsa.edu.pl\/wp-content\/uploads\/2026\/03\/profil-ogolny-768x512.jpg 768w, https:\/\/www.zsa.edu.pl\/wp-content\/uploads\/2026\/03\/profil-ogolny-1536x1024.jpg 1536w, https:\/\/www.zsa.edu.pl\/wp-content\/uploads\/2026\/03\/profil-ogolny-2048x1365.jpg 2048w\" sizes=\"auto, (max-width: 1024px) 100vw, 1024px\" \/><\/figure><div class=\"wp-block-media-text__content\">\n<p><\/p>\n\n\n\n<p><strong>CO U NAS ZYSKASZ?&nbsp;<\/strong><\/p>\n<ul>\n<li>przygotowanie do matury,<\/li>\n<li>pomoc w wyborze studi\u00f3w i kariery,<\/li>\n<li>wsparcie pedagog\u00f3w i doradc\u00f3w zawodowych,<\/li>\n<li>udzia\u0142 w projektach edukacyjnych,<\/li>\n<li>wyj\u015bcia edukacyjne i warsztaty,<\/li>\n<li>nowoczesne metody nauczania.<\/li>\n<\/ul>\n<\/div><\/div>\n<\/details>\n<\/details>\n\n\n\n<p><\/p>\n\n\n<h1 style=\"text-align: center;\"><strong>Oferta edukacyjna Zespo\u0142u Szk\u00f3\u0142 Mundurowych w S\u0142upsku<\/strong><\/h1>\n<p style=\"text-align: center;\"><span style=\"font-weight: 400;\">Wychodz\u0105c naprzeciw zapotrzebowaniu spo\u0142ecznemu w szkole utworzono klasy mundurowe, realizuj\u0105ce dodatkowe zaj\u0119cia poza podstaw\u0105 programow\u0105, rozwijaj\u0105ce zainteresowania m\u0142odych ludzi, zwi\u0105zane z prac\u0105 w s\u0142u\u017cbach mundurowych.<\/span><\/p>\n<p style=\"text-align: center;\"><span style=\"font-weight: 400;\">&nbsp;G\u0142\u00f3wnym zadaniem szko\u0142y jest kszta\u0142cenie m\u0142odzie\u017cy na poziomie licealnym w porozumieniu i wsp\u00f3\u0142pracy z:<\/span><\/p>\n<ul>\n<li style=\"text-align: left;\"><strong>7. Brygad\u0105 Obrony Wybrze\u017ca w S\u0142upsku;<\/strong><\/li>\n<li style=\"text-align: left;\"><strong>Centralnym Poligonem Si\u0142 Powietrznych w Ustce;<\/strong><\/li>\n<li><strong>6. Wojskowym Oddzia\u0142em Gospodarczym w Ustce;<\/strong><\/li>\n<li style=\"text-align: left;\"><strong>Centrum Szkolenia Marynarki Wojennej w Ustce;<\/strong><\/li>\n<li style=\"text-align: left;\"><strong>Wojskow\u0105 Komend\u0105 Uzupe\u0142nie\u0144 w S\u0142upsku;<\/strong><\/li>\n<li style=\"text-align: left;\"><strong>Antyrakietow\u0105 Baz\u0105 USA w Redzikowie;<\/strong><\/li>\n<li style=\"text-align: left;\"><strong>Komend\u0105 Miejsk\u0105 Policji w S\u0142upsku;<\/strong><\/li>\n<li style=\"text-align: left;\"><strong>Szko\u0142\u0105 Policji w S\u0142upsku;<\/strong><\/li>\n<li style=\"text-align: left;\"><strong>Komend\u0105 Miejsk\u0105 Pa\u0144stwowej Stra\u017cy Po\u017carnej w S\u0142upsku;<\/strong><\/li>\n<li style=\"text-align: left;\"><strong>O\u015brodkiem Szkolenia Pa\u0144stwowej Stra\u017cy Po\u017carnej w S\u0142upsku;<\/strong><\/li>\n<li><strong>Centralnym O\u015brodkiem Szkolenia Stra\u017cy Granicznej w Koszalinie;<\/strong><\/li>\n<li style=\"text-align: left;\"><strong>Plac\u00f3wk\u0105 Stra\u017cy Granicznej w Ustce;<\/strong><\/li>\n<li><strong>7 Pomorsk\u0105 Brygad\u0105 Obrony Terytorialnej w Gda\u0144sku;<\/strong><\/li>\n<li><strong>73 Batalionem Lekkiej Piechoty w S\u0142upsku.<\/strong><\/li>\n<\/ul>\n<p style=\"text-align: center;\"><span style=\"font-weight: 400;\">Teoretyczne i praktyczne zaj\u0119cia profilowane maj\u0105 na celu przygotowanie absolwent\u00f3w Liceum do rekrutacji w wybranych zawodach mundurowych.<\/span><\/p>\n<p style=\"text-align: center;\"><span style=\"font-weight: 400;\">Dodatkowego wsparcia w tym zakresie udzieli\u0142 pocz\u0105tkowo Instytut Bezpiecze\u0144stwa Narodowego, a tak\u017ce inne Wydzia\u0142y i Instytuty Akademii Pomorskiej, daj\u0105c tym samym szans\u0119 na wzbogacenie umiej\u0119tno\u015bci uczni\u00f3w o wiedz\u0119 akademick\u0105 i specjalistyczn\u0105 wybranych przez m\u0142odzie\u017c s\u0142u\u017cbach mundurowych. Obie szko\u0142y wci\u0105\u017c wzbogacaj\u0105 swoj\u0105 ofert\u0119 i ciesz\u0105 si\u0119 du\u017cym zainteresowaniem.<\/span><\/p>\n<p style=\"text-align: center;\"><b>Nasze atuty to:<\/b><\/p>\n<ul>\n<li><strong>zaj\u0119cia i szkolenia w jednostkach s\u0142u\u017cb mundurowych;&nbsp;&nbsp;<\/strong><\/li>\n<li><strong>obozy szkoleniowe;<\/strong><\/li>\n<li><strong>zaj\u0119cia na strzelnicy;<\/strong><\/li>\n<li><strong>zaj\u0119cia terenowo-survivalowe;<\/strong><\/li>\n<li><strong>kurs pierwszej pomocy przedmedycznej;<\/strong><\/li>\n<li><strong>wsp\u00f3\u0142praca z Akademi\u0105 Pomorsk\u0105 w S\u0142upsku;<\/strong><\/li>\n<li style=\"font-weight: 400;\" aria-level=\"1\"><strong>stypendia dla najlepszych, pomoc materialna dla potrzebuj\u0105cych;<\/strong><\/li>\n<li style=\"font-weight: 400;\" aria-level=\"1\"><strong>zapewniamy najwy\u017cszy poziom bezpiecze\u0144stwa dla naszych uczni\u00f3w;<\/strong><\/li>\n<li style=\"font-weight: 400;\" aria-level=\"1\"><strong>prowadzimy nauczanie indywidualne;<\/strong><\/li>\n<li style=\"font-weight: 400;\" aria-level=\"1\"><strong>zapewniamy podstawowe umundurowanie.<\/strong><\/li>\n<\/ul>\n<p>&nbsp;<\/p>\n<p>&nbsp;<\/p>\n\n\n<p><\/p>\n","protected":false},"excerpt":{"rendered":"<p>Zapraszamy ch\u0119tnych do nauki&nbsp;w Zespole Szk\u00f3\u0142 Mundurowych w S\u0142upsku! Oferta edukacyjna Zespo\u0142u Szk\u00f3\u0142 Mundurowych w S\u0142upsku Wychodz\u0105c naprzeciw zapotrzebowaniu spo\u0142ecznemu w szkole utworzono klasy mundurowe, realizuj\u0105ce dodatkowe zaj\u0119cia poza podstaw\u0105 programow\u0105, rozwijaj\u0105ce zainteresowania m\u0142odych ludzi, zwi\u0105zane z prac\u0105 w s\u0142u\u017cbach mundurowych. &nbsp;G\u0142\u00f3wnym zadaniem szko\u0142y jest kszta\u0142cenie m\u0142odzie\u017cy na poziomie licealnym w porozumieniu i wsp\u00f3\u0142pracy z: &hellip;<\/p>\n<p class=\"read-more\"> <a class=\"\" href=\"https:\/\/www.zsa.edu.pl\/?page_id=246\"> <span class=\"screen-reader-text\">Oferta Edukacyjna<\/span> Read More &raquo;<\/a><\/p>\n","protected":false},"author":1,"featured_media":0,"parent":0,"menu_order":0,"comment_status":"closed","ping_status":"closed","template":"","meta":{"site-sidebar-layout":"default","site-content-layout":"plain-container","ast-main-header-display":"disabled","ast-hfb-above-header-display":"","ast-hfb-below-header-display":"","ast-hfb-mobile-header-display":"","site-post-title":"disabled","ast-breadcrumbs-content":"","ast-featured-img":"","footer-sml-layout":"","theme-transparent-header-meta":"","adv-header-id-meta":"","stick-header-meta":"","header-above-stick-meta":"","header-main-stick-meta":"","header-below-stick-meta":"","ngg_post_thumbnail":0,"footnotes":""},"class_list":["post-246","page","type-page","status-publish","hentry"],"_links":{"self":[{"href":"https:\/\/www.zsa.edu.pl\/index.php?rest_route=\/wp\/v2\/pages\/246","targetHints":{"allow":["GET"]}}],"collection":[{"href":"https:\/\/www.zsa.edu.pl\/index.php?rest_route=\/wp\/v2\/pages"}],"about":[{"href":"https:\/\/www.zsa.edu.pl\/index.php?rest_route=\/wp\/v2\/types\/page"}],"author":[{"embeddable":true,"href":"https:\/\/www.zsa.edu.pl\/index.php?rest_route=\/wp\/v2\/users\/1"}],"replies":[{"embeddable":true,"href":"https:\/\/www.zsa.edu.pl\/index.php?rest_route=%2Fwp%2Fv2%2Fcomments&post=246"}],"version-history":[{"count":38,"href":"https:\/\/www.zsa.edu.pl\/index.php?rest_route=\/wp\/v2\/pages\/246\/revisions"}],"predecessor-version":[{"id":20264,"href":"https:\/\/www.zsa.edu.pl\/index.php?rest_route=\/wp\/v2\/pages\/246\/revisions\/20264"}],"wp:attachment":[{"href":"https:\/\/www.zsa.edu.pl\/index.php?rest_route=%2Fwp%2Fv2%2Fmedia&parent=246"}],"curies":[{"name":"wp","href":"https:\/\/api.w.org\/{rel}","templated":true}]}}