{"id":217,"date":"2017-11-18T23:38:36","date_gmt":"2017-11-18T22:38:36","guid":{"rendered":"http:\/\/www.beta.zsa.edu.pl\/?page_id=217"},"modified":"2026-03-17T17:03:35","modified_gmt":"2026-03-17T16:03:35","slug":"dokumenty","status":"publish","type":"page","link":"https:\/\/www.zsa.edu.pl\/?page_id=217","title":{"rendered":"Dokumenty szkolne"},"content":{"rendered":"\n<figure class=\"wp-block-image size-large\"><div class=\"eds-animate edsanimate-sis-hidden \" data-eds-entry-animation=\"bounceIn\" data-eds-entry-delay=\"0\" data-eds-entry-duration=\"1\" data-eds-entry-timing=\"linear\" data-eds-exit-animation=\"\" data-eds-exit-delay=\"\" data-eds-exit-duration=\"\" data-eds-exit-timing=\"\" data-eds-repeat-count=\"1\" data-eds-keep=\"yes\" data-eds-animate-on=\"scroll\" data-eds-scroll-offset=\"75\"><img loading=\"lazy\" decoding=\"async\" class=\"alignnone wp-image-8886 size-full\" src=\"http:\/\/www.zsa.edu.pl\/wp-content\/uploads\/2022\/03\/DOKUMENTY-SZKOLNE-2-2.png\" alt=\"\" width=\"1000\" height=\"250\" srcset=\"https:\/\/www.zsa.edu.pl\/wp-content\/uploads\/2022\/03\/DOKUMENTY-SZKOLNE-2-2.png 1000w, https:\/\/www.zsa.edu.pl\/wp-content\/uploads\/2022\/03\/DOKUMENTY-SZKOLNE-2-2-300x75.png 300w, https:\/\/www.zsa.edu.pl\/wp-content\/uploads\/2022\/03\/DOKUMENTY-SZKOLNE-2-2-768x192.png 768w\" sizes=\"auto, (max-width: 1000px) 100vw, 1000px\" \/><\/div><\/figure>\n\n\n\n<p><img loading=\"lazy\" decoding=\"async\" class=\"aligncenter wp-image-8762\" src=\"http:\/\/www.zsa.edu.pl\/wp-content\/uploads\/2022\/03\/Statut.png\" alt=\"\" width=\"497\" height=\"124\" srcset=\"https:\/\/www.zsa.edu.pl\/wp-content\/uploads\/2022\/03\/Statut.png 1000w, https:\/\/www.zsa.edu.pl\/wp-content\/uploads\/2022\/03\/Statut-300x75.png 300w, https:\/\/www.zsa.edu.pl\/wp-content\/uploads\/2022\/03\/Statut-768x192.png 768w\" sizes=\"auto, (max-width: 497px) 100vw, 497px\" \/><\/p>\n\n\n\n\n\n<p style=\"text-align: center;\"><strong><a href=\"http:\/\/www.zsa.edu.pl\/wp-content\/uploads\/2024\/01\/STATUT-WLO.odt\" target=\"_blank\" rel=\"noopener\">STATUT Wojskowego Liceum Og\u00f3lnokszta\u0142c\u0105cego w S\u0142upsku<\/a><\/strong><\/p>\n<p style=\"text-align: center;\"><strong><a href=\"http:\/\/www.zsa.edu.pl\/wp-content\/uploads\/2024\/01\/STATUT-PLO-nr-1.odt\" target=\"_blank\" rel=\"noopener\">STATUT Policyjnego Liceum Og\u00f3lnokszta\u0142c\u0105cego nr 1 w S\u0142upsku<\/a><\/strong><\/p>\n<p style=\"text-align: center;\"><strong><a href=\"http:\/\/www.zsa.edu.pl\/wp-content\/uploads\/2024\/01\/STATUT-LOSGiSP.odt\" target=\"_blank\" rel=\"noopener\">STATUT Liceum Og\u00f3lnokszta\u0142c\u0105cego Stra\u017cy Granicznej i Stra\u017cy Po\u017carnej w S\u0142upsku<\/a><\/strong><\/p>\n<p style=\"text-align: center;\"><strong><a href=\"http:\/\/www.zsa.edu.pl\/wp-content\/uploads\/2024\/01\/STATUT-ALO.odt\" target=\"_blank\" rel=\"noopener\">STATUT Akademickiego Liceum Og\u00f3lnokszta\u0142c\u0105cego w S\u0142upsku<\/a><\/strong><\/p>\n\n\n\n<div class=\"wp-block-image\">\n<figure class=\"aligncenter size-full is-resized\"><div class=\"eds-animate edsanimate-sis-hidden \" data-eds-entry-animation=\"bounceIn\" data-eds-entry-delay=\"0\" data-eds-entry-duration=\"1\" data-eds-entry-timing=\"linear\" data-eds-exit-animation=\"\" data-eds-exit-delay=\"\" data-eds-exit-duration=\"\" data-eds-exit-timing=\"\" data-eds-repeat-count=\"1\" data-eds-keep=\"yes\" data-eds-animate-on=\"scroll\" data-eds-scroll-offset=\"75\"><img loading=\"lazy\" decoding=\"async\" class=\"wp-image-8766 aligncenter\" src=\"http:\/\/www.zsa.edu.pl\/wp-content\/uploads\/2022\/03\/Podania.png\" alt=\"\" width=\"497\" height=\"124\" srcset=\"https:\/\/www.zsa.edu.pl\/wp-content\/uploads\/2022\/03\/Podania.png 1000w, https:\/\/www.zsa.edu.pl\/wp-content\/uploads\/2022\/03\/Podania-300x75.png 300w, https:\/\/www.zsa.edu.pl\/wp-content\/uploads\/2022\/03\/Podania-768x192.png 768w\" sizes=\"auto, (max-width: 497px) 100vw, 497px\" \/><\/div><\/figure>\n<\/div>\n<p>&nbsp;<\/p>\n\n\n\n<h4 style=\"text-align: center;\"><strong><a href=\"http:\/\/www.zsa.edu.pl\/wp-content\/uploads\/2026\/03\/podanie-2026_2027-OPW_WLO.pdf\" target=\"_blank\" rel=\"noopener\">Wojskowe Liceum Og\u00f3lnokszta\u0142c\u0105ce 2026\/2027<\/a><\/strong><\/h4>\n<p style=\"text-align: center;\"><strong>ODDZIA\u0141 PRZYGOTOWANIA WOJSKOWEGO<\/strong><\/p>\n<h4 style=\"text-align: center;\"><strong><a href=\"http:\/\/www.zsa.edu.pl\/wp-content\/uploads\/2026\/03\/podanie-2026_2027-PLO.pdf\" target=\"_blank\" rel=\"noopener\">Policyjne Liceum Og\u00f3lnokszta\u0142c\u0105ce nr 1 2026\/2027<\/a><\/strong><\/h4>\n<p style=\"text-align: center;\"><strong>ODDZIA\u0141 PRZYGOTOWANIA MUNDUROWEGO<\/strong><\/p>\n<h4 style=\"text-align: center;\"><strong><a href=\"http:\/\/www.zsa.edu.pl\/wp-content\/uploads\/2026\/03\/podanie-2026_2027-LOSGiSP.pdf\" target=\"_blank\" rel=\"noopener\">Liceum Og\u00f3lnokszta\u0142c\u0105ce Stra\u017cy Granicznej i Stra\u017cy Po\u017carnej 2026\/2027<\/a><\/strong><\/h4>\n<p style=\"text-align: center;\"><strong>profil stra\u017cy granicznej &#8211; ODDZIA\u0141 PRZYGOTOWANIA MUNDUROWEGO<\/strong><\/p>\n<h4 style=\"text-align: center;\"><strong><a href=\"http:\/\/www.zsa.edu.pl\/wp-content\/uploads\/2026\/03\/podanie-2026_2027-ALO-nr-1.pdf\" target=\"_blank\" rel=\"noopener\">Akademickie Liceum Og\u00f3lnokszta\u0142c\u0105ce nr 1 2026\/2027<\/a><\/strong><\/h4>\n\n\n\n<div class=\"wp-block-image\">\n<figure class=\"aligncenter size-full is-resized\"><div class=\"eds-animate edsanimate-sis-hidden \" data-eds-entry-animation=\"bounceIn\" data-eds-entry-delay=\"0\" data-eds-entry-duration=\"1\" data-eds-entry-timing=\"linear\" data-eds-exit-animation=\"\" data-eds-exit-delay=\"\" data-eds-exit-duration=\"\" data-eds-exit-timing=\"\" data-eds-repeat-count=\"1\" data-eds-keep=\"yes\" data-eds-animate-on=\"scroll\" data-eds-scroll-offset=\"75\"><img loading=\"lazy\" decoding=\"async\" class=\"wp-image-8768\" src=\"http:\/\/www.zsa.edu.pl\/wp-content\/uploads\/2022\/03\/Wnioski.png\" alt=\"\" width=\"497\" height=\"124\" srcset=\"https:\/\/www.zsa.edu.pl\/wp-content\/uploads\/2022\/03\/Wnioski.png 1000w, https:\/\/www.zsa.edu.pl\/wp-content\/uploads\/2022\/03\/Wnioski-300x75.png 300w, https:\/\/www.zsa.edu.pl\/wp-content\/uploads\/2022\/03\/Wnioski-768x192.png 768w\" sizes=\"auto, (max-width: 497px) 100vw, 497px\" \/><\/div><\/figure>\n<\/div>\n<p>&nbsp;<\/p>\n\n\n<p style=\"text-align: center;\"><span style=\"color: #333333;\"><strong>Wniosek o wystawienie duplikatu legitymacji szkolnej:<\/strong><\/span><\/p>\n<p style=\"text-align: center;\"><strong><a href=\"http:\/\/www.zsa.edu.pl\/wp-content\/uploads\/2024\/10\/wniosek-legitymacja-WLO-2024_2025-1.pdf\" target=\"_blank\" rel=\"noopener\">Wojskowe Liceum Og\u00f3lnokszta\u0142c\u0105ce<\/a><\/strong><\/p>\n<p style=\"text-align: center;\"><strong><a href=\"http:\/\/www.zsa.edu.pl\/wp-content\/uploads\/2024\/10\/wniosek-legitymacja-PLO-2024_2025-1.pdf\" target=\"_blank\" rel=\"noopener\">Policyjne Liceum Og\u00f3lnokszta\u0142c\u0105ce nr 1<\/a><\/strong><\/p>\n<p style=\"text-align: center;\"><strong><a href=\"http:\/\/www.zsa.edu.pl\/wp-content\/uploads\/2024\/10\/wniosek-legitymacja-LOSGiSP-2024_2025-1.pdf\" target=\"_blank\" rel=\"noopener\">Liceum Og\u00f3lnokszta\u0142c\u0105ce Stra\u017cy Granicznej i Stra\u017cy Po\u017carnej<\/a><\/strong><\/p>\n<p style=\"text-align: center;\"><span style=\"color: #333333;\"><strong>Wniosek o wystawienie duplikatu \u015bwiadectwa:<\/strong><\/span><\/p>\n<p style=\"text-align: center;\"><strong><a href=\"http:\/\/www.zsa.edu.pl\/wp-content\/uploads\/2025\/08\/wniosek-o-duplikat-swiadectwa-ALO.pdf\" target=\"_blank\" rel=\"noopener\">Akademickie Liceum Og\u00f3lnokszta\u0142c\u0105ce<\/a><\/strong><\/p>\n<p style=\"text-align: center;\"><a href=\"http:\/\/www.zsa.edu.pl\/wp-content\/uploads\/2022\/02\/wniosek-o-duplikat-swiadectwa-WLO.pdf\" target=\"_blank\" rel=\"noopener\"><strong>Wojskowe Liceum<\/strong> <strong>Og\u00f3lnokszta\u0142c\u0105ce<\/strong><\/a><\/p>\n<p style=\"text-align: center;\"><strong><a href=\"http:\/\/www.zsa.edu.pl\/wp-content\/uploads\/2022\/02\/wniosek-o-duplikat-swiadectwa-PLO.pdf\" target=\"_blank\" rel=\"noopener\">Policyjne Liceum Og\u00f3lnokszta\u0142c\u0105ce nr 1<\/a><\/strong><\/p>\n<p style=\"text-align: center;\"><strong><a href=\"http:\/\/www.zsa.edu.pl\/wp-content\/uploads\/2022\/02\/wniosek-o-duplikat-swiadectwa-LOSGiSP.pdf\" target=\"_blank\" rel=\"noopener\">Liceum Og\u00f3lnokszta\u0142c\u0105ce Stra\u017cy Granicznej i Stra\u017cy Po\u017carnej<\/a><\/strong><\/p>\n<p style=\"text-align: center;\"><strong>Wniosek o zwolnienie z zaj\u0119\u0107 wychowania fizycznego&nbsp;<\/strong><\/p>\n<p style=\"text-align: center;\"><strong><a href=\"http:\/\/www.zsa.edu.pl\/wp-content\/uploads\/2022\/04\/podanie-z-wf-u-WLO.pdf\">Wojskowe Liceum Og\u00f3lnokszta\u0142c\u0105ce<\/a><\/strong><\/p>\n<p style=\"text-align: center;\"><strong><a href=\"http:\/\/www.zsa.edu.pl\/wp-content\/uploads\/2022\/04\/podanie-z-wf-u-PLO.pdf\">Policyjne Liceum Og\u00f3lnokszta\u0142c\u0105ce nr 1<\/a><\/strong><\/p>\n<p style=\"text-align: center;\"><strong><a href=\"http:\/\/www.zsa.edu.pl\/wp-content\/uploads\/2022\/04\/podanie-z-wf-u-LOSGiSP.pdf\">Liceum Og\u00f3lnokszta\u0142c\u0105ce Stra\u017cy Granicznej i Stra\u017cy Po\u017carnej<\/a><\/strong><\/p>\n\n\n<div class=\"wp-block-image\">\n<figure class=\"aligncenter size-full is-resized\"><a href=\"http:\/\/www.zsa.edu.pl\/wp-content\/uploads\/2022\/03\/Regulaminy.png\"><div class=\"eds-animate edsanimate-sis-hidden \" data-eds-entry-animation=\"bounceIn\" data-eds-entry-delay=\"0\" data-eds-entry-duration=\"1\" data-eds-entry-timing=\"linear\" data-eds-exit-animation=\"\" data-eds-exit-delay=\"\" data-eds-exit-duration=\"\" data-eds-exit-timing=\"\" data-eds-repeat-count=\"1\" data-eds-keep=\"yes\" data-eds-animate-on=\"scroll\" data-eds-scroll-offset=\"75\"><\/div><\/a><img loading=\"lazy\" decoding=\"async\" class=\"alignnone wp-image-8770\" src=\"http:\/\/www.zsa.edu.pl\/wp-content\/uploads\/2022\/03\/Regulaminy.png\" alt=\"\" width=\"497\" height=\"124\" srcset=\"https:\/\/www.zsa.edu.pl\/wp-content\/uploads\/2022\/03\/Regulaminy.png 1000w, https:\/\/www.zsa.edu.pl\/wp-content\/uploads\/2022\/03\/Regulaminy-300x75.png 300w, https:\/\/www.zsa.edu.pl\/wp-content\/uploads\/2022\/03\/Regulaminy-768x192.png 768w\" sizes=\"auto, (max-width: 497px) 100vw, 497px\" \/><\/figure>\n<\/div>\n<p>&nbsp;<\/p>\n\n\n<p style=\"text-align: center;\"><strong><a href=\"http:\/\/www.zsa.edu.pl\/wp-content\/uploads\/2025\/04\/Regulamin-mundurowy-kadetow.pdf\" target=\"_blank\" rel=\"noopener\">Regulamin Mundurowy Kadet\u00f3w<\/a><\/strong><\/p>\n<p style=\"text-align: center;\"><span style=\"color: #3366ff;\"><strong><a style=\"color: #3366ff;\" href=\"http:\/\/www.zsa.edu.pl\/wp-content\/uploads\/2018\/10\/RODO-formularz_rodzicow.pdf\">RODO &#8211; formularz dla rodzic\u00f3w<\/a><\/strong><\/span><\/p>\n<p style=\"text-align: center;\"><span style=\"color: #3366ff;\"><strong><a style=\"color: #3366ff;\" href=\"http:\/\/www.zsa.edu.pl\/wp-content\/uploads\/2018\/07\/Regulamin-organizacji-wycieczek.pdf\">Regulamin organizacji wycieczek<\/a><\/strong><\/span><\/p>\n<p style=\"text-align: center;\"><span style=\"color: #3366ff;\"><a style=\"color: #3366ff;\" href=\"http:\/\/www.zsa.edu.pl\/wp-content\/uploads\/2021\/05\/Zalacznik-nr-1-KARTA-WYCIECZKI.pdf\"><strong>Za\u0142\u0105cznik nr 1 &#8211; KARTA WYCIECZKI<\/strong><\/a><\/span><\/p>\n<p style=\"text-align: center;\"><span style=\"color: #3366ff;\"><a style=\"color: #3366ff;\" href=\"http:\/\/www.zsa.edu.pl\/wp-content\/uploads\/2021\/05\/Zalacznik-nr-1-KARTA-WYCIECZKI.pdf\"><strong>Za\u0142\u0105cznik nr 2 &#8211; LISTA UCZESTNIK\u00d3W<\/strong><\/a><\/span><\/p>\n<p style=\"text-align: center;\"><span style=\"color: #3366ff;\"><a style=\"color: #3366ff;\" href=\"http:\/\/www.zsa.edu.pl\/wp-content\/uploads\/2021\/05\/Zalacznik-nr-3-ZGODA-RODZICOW.pdf\"><strong>Za\u0142\u0105cznik nr 3 &#8211; ZGODA RODZIC\u00d3W<\/strong><\/a><\/span><\/p>\n<p style=\"text-align: center;\"><span style=\"color: #3366ff;\"><a style=\"color: #3366ff;\" href=\"http:\/\/www.zsa.edu.pl\/wp-content\/uploads\/2021\/05\/Zalacznik-nr-4-RAMOWY-REGULAMIN-WYCIECZKI.pdf\"><strong>Za\u0142\u0105cznik nr 4 &#8211; RAMOWY REGULAMIN WYCIECZKI<\/strong><\/a><\/span><\/p>\n\n\n<h3 style=\"text-align: center;\"><strong><a href=\"http:\/\/www.zsa.edu.pl\/wp-content\/uploads\/2025\/07\/POMIARY-DO-UMUNDUROWANIA-2025_2026.pdf\" target=\"_blank\" rel=\"noopener\">KARTA POMIARU MUNDURU<\/a><\/strong><\/h3>\n\n\n\n<p><\/p>\n","protected":false},"excerpt":{"rendered":"<p>STATUT Wojskowego Liceum Og\u00f3lnokszta\u0142c\u0105cego w S\u0142upsku STATUT Policyjnego Liceum Og\u00f3lnokszta\u0142c\u0105cego nr 1 w S\u0142upsku STATUT Liceum Og\u00f3lnokszta\u0142c\u0105cego Stra\u017cy Granicznej i Stra\u017cy Po\u017carnej w S\u0142upsku STATUT Akademickiego Liceum Og\u00f3lnokszta\u0142c\u0105cego w S\u0142upsku &nbsp; Wojskowe Liceum Og\u00f3lnokszta\u0142c\u0105ce 2026\/2027 ODDZIA\u0141 PRZYGOTOWANIA WOJSKOWEGO Policyjne Liceum Og\u00f3lnokszta\u0142c\u0105ce nr 1 2026\/2027 ODDZIA\u0141 PRZYGOTOWANIA MUNDUROWEGO Liceum Og\u00f3lnokszta\u0142c\u0105ce Stra\u017cy Granicznej i Stra\u017cy Po\u017carnej 2026\/2027 &hellip;<\/p>\n<p class=\"read-more\"> <a class=\"\" href=\"https:\/\/www.zsa.edu.pl\/?page_id=217\"> <span class=\"screen-reader-text\">Dokumenty szkolne<\/span> Read More &raquo;<\/a><\/p>\n","protected":false},"author":1,"featured_media":0,"parent":0,"menu_order":0,"comment_status":"closed","ping_status":"closed","template":"","meta":{"site-sidebar-layout":"default","site-content-layout":"plain-container","ast-main-header-display":"disabled","ast-hfb-above-header-display":"","ast-hfb-below-header-display":"","ast-hfb-mobile-header-display":"","site-post-title":"disabled","ast-breadcrumbs-content":"","ast-featured-img":"","footer-sml-layout":"","theme-transparent-header-meta":"","adv-header-id-meta":"","stick-header-meta":"","header-above-stick-meta":"","header-main-stick-meta":"","header-below-stick-meta":"","ngg_post_thumbnail":0,"footnotes":""},"class_list":["post-217","page","type-page","status-publish","hentry"],"_links":{"self":[{"href":"https:\/\/www.zsa.edu.pl\/index.php?rest_route=\/wp\/v2\/pages\/217","targetHints":{"allow":["GET"]}}],"collection":[{"href":"https:\/\/www.zsa.edu.pl\/index.php?rest_route=\/wp\/v2\/pages"}],"about":[{"href":"https:\/\/www.zsa.edu.pl\/index.php?rest_route=\/wp\/v2\/types\/page"}],"author":[{"embeddable":true,"href":"https:\/\/www.zsa.edu.pl\/index.php?rest_route=\/wp\/v2\/users\/1"}],"replies":[{"embeddable":true,"href":"https:\/\/www.zsa.edu.pl\/index.php?rest_route=%2Fwp%2Fv2%2Fcomments&post=217"}],"version-history":[{"count":108,"href":"https:\/\/www.zsa.edu.pl\/index.php?rest_route=\/wp\/v2\/pages\/217\/revisions"}],"predecessor-version":[{"id":20212,"href":"https:\/\/www.zsa.edu.pl\/index.php?rest_route=\/wp\/v2\/pages\/217\/revisions\/20212"}],"wp:attachment":[{"href":"https:\/\/www.zsa.edu.pl\/index.php?rest_route=%2Fwp%2Fv2%2Fmedia&parent=217"}],"curies":[{"name":"wp","href":"https:\/\/api.w.org\/{rel}","templated":true}]}}