{"id":17362,"date":"2025-01-18T11:57:14","date_gmt":"2025-01-18T10:57:14","guid":{"rendered":"https:\/\/www.zsa.edu.pl\/?page_id=17362"},"modified":"2025-01-25T12:56:40","modified_gmt":"2025-01-25T11:56:40","slug":"przygotowanie-do-sluzby","status":"publish","type":"page","link":"https:\/\/www.zsa.edu.pl\/?page_id=17362","title":{"rendered":"PRZYGOTOWUJEMY DO S\u0141U\u017bBY"},"content":{"rendered":"\n<h5><strong>Zaj\u0119cia w naszej szkole oferuj\u0105 szerokie mo\u017cliwo\u015bci zdobycia praktycznych umiej\u0119tno\u015bci, kt\u00f3re s\u0105 niezb\u0119dne w zawodach takich jak policjant, stra\u017cak, \u017co\u0142nierz, ratownik medyczny czy funkcjonariusz s\u0142u\u017cb specjalnych.<\/strong><\/h5>\n\n\n\n<figure class=\"wp-block-gallery has-nested-images columns-default is-cropped wp-block-gallery-1 is-layout-flex wp-block-gallery-is-layout-flex\">\n<figure class=\"wp-block-image size-large\"><a href=\"https:\/\/www.zsa.edu.pl\/wp-content\/uploads\/2025\/01\/IMG-20240428-WA0012.jpg\"><img loading=\"lazy\" decoding=\"async\" width=\"1024\" height=\"768\" data-id=\"17363\" src=\"https:\/\/www.zsa.edu.pl\/wp-content\/uploads\/2025\/01\/IMG-20240428-WA0012-1024x768.jpg\" alt=\"\" class=\"wp-image-17363\" srcset=\"https:\/\/www.zsa.edu.pl\/wp-content\/uploads\/2025\/01\/IMG-20240428-WA0012-1024x768.jpg 1024w, https:\/\/www.zsa.edu.pl\/wp-content\/uploads\/2025\/01\/IMG-20240428-WA0012-300x225.jpg 300w, https:\/\/www.zsa.edu.pl\/wp-content\/uploads\/2025\/01\/IMG-20240428-WA0012-768x576.jpg 768w, https:\/\/www.zsa.edu.pl\/wp-content\/uploads\/2025\/01\/IMG-20240428-WA0012-1536x1152.jpg 1536w, https:\/\/www.zsa.edu.pl\/wp-content\/uploads\/2025\/01\/IMG-20240428-WA0012.jpg 2040w\" sizes=\"auto, (max-width: 1024px) 100vw, 1024px\" \/><\/a><\/figure>\n\n\n\n<figure class=\"wp-block-image size-large\"><a href=\"https:\/\/www.zsa.edu.pl\/wp-content\/uploads\/2025\/01\/IMG-20240428-WA0064.jpg\"><img loading=\"lazy\" decoding=\"async\" width=\"1024\" height=\"768\" data-id=\"17366\" src=\"https:\/\/www.zsa.edu.pl\/wp-content\/uploads\/2025\/01\/IMG-20240428-WA0064-1024x768.jpg\" alt=\"\" class=\"wp-image-17366\" srcset=\"https:\/\/www.zsa.edu.pl\/wp-content\/uploads\/2025\/01\/IMG-20240428-WA0064-1024x768.jpg 1024w, https:\/\/www.zsa.edu.pl\/wp-content\/uploads\/2025\/01\/IMG-20240428-WA0064-300x225.jpg 300w, https:\/\/www.zsa.edu.pl\/wp-content\/uploads\/2025\/01\/IMG-20240428-WA0064-768x576.jpg 768w, https:\/\/www.zsa.edu.pl\/wp-content\/uploads\/2025\/01\/IMG-20240428-WA0064-1536x1152.jpg 1536w, https:\/\/www.zsa.edu.pl\/wp-content\/uploads\/2025\/01\/IMG-20240428-WA0064.jpg 2040w\" sizes=\"auto, (max-width: 1024px) 100vw, 1024px\" \/><\/a><\/figure>\n\n\n\n<figure class=\"wp-block-image size-large\"><a href=\"https:\/\/www.zsa.edu.pl\/wp-content\/uploads\/2025\/01\/IMG-20240428-WA0017.jpg\"><img loading=\"lazy\" decoding=\"async\" width=\"1024\" height=\"768\" data-id=\"17364\" src=\"https:\/\/www.zsa.edu.pl\/wp-content\/uploads\/2025\/01\/IMG-20240428-WA0017-1024x768.jpg\" alt=\"\" class=\"wp-image-17364\" srcset=\"https:\/\/www.zsa.edu.pl\/wp-content\/uploads\/2025\/01\/IMG-20240428-WA0017-1024x768.jpg 1024w, https:\/\/www.zsa.edu.pl\/wp-content\/uploads\/2025\/01\/IMG-20240428-WA0017-300x225.jpg 300w, https:\/\/www.zsa.edu.pl\/wp-content\/uploads\/2025\/01\/IMG-20240428-WA0017-768x576.jpg 768w, https:\/\/www.zsa.edu.pl\/wp-content\/uploads\/2025\/01\/IMG-20240428-WA0017-1536x1152.jpg 1536w, https:\/\/www.zsa.edu.pl\/wp-content\/uploads\/2025\/01\/IMG-20240428-WA0017.jpg 2040w\" sizes=\"auto, (max-width: 1024px) 100vw, 1024px\" \/><\/a><\/figure>\n\n\n\n<figure class=\"wp-block-image size-large\"><a href=\"https:\/\/www.zsa.edu.pl\/wp-content\/uploads\/2025\/01\/IMG-20240428-WA0058.jpg\"><img loading=\"lazy\" decoding=\"async\" width=\"1024\" height=\"768\" data-id=\"17365\" src=\"https:\/\/www.zsa.edu.pl\/wp-content\/uploads\/2025\/01\/IMG-20240428-WA0058-1024x768.jpg\" alt=\"\" class=\"wp-image-17365\" srcset=\"https:\/\/www.zsa.edu.pl\/wp-content\/uploads\/2025\/01\/IMG-20240428-WA0058-1024x768.jpg 1024w, https:\/\/www.zsa.edu.pl\/wp-content\/uploads\/2025\/01\/IMG-20240428-WA0058-300x225.jpg 300w, https:\/\/www.zsa.edu.pl\/wp-content\/uploads\/2025\/01\/IMG-20240428-WA0058-768x576.jpg 768w, https:\/\/www.zsa.edu.pl\/wp-content\/uploads\/2025\/01\/IMG-20240428-WA0058-1536x1152.jpg 1536w, https:\/\/www.zsa.edu.pl\/wp-content\/uploads\/2025\/01\/IMG-20240428-WA0058.jpg 2040w\" sizes=\"auto, (max-width: 1024px) 100vw, 1024px\" \/><\/a><\/figure>\n\n\n\n<figure class=\"wp-block-image size-large\"><a href=\"https:\/\/www.zsa.edu.pl\/wp-content\/uploads\/2025\/01\/IMG-20240428-WA0078.jpg\"><img loading=\"lazy\" decoding=\"async\" width=\"1024\" height=\"768\" data-id=\"17367\" src=\"https:\/\/www.zsa.edu.pl\/wp-content\/uploads\/2025\/01\/IMG-20240428-WA0078-1024x768.jpg\" alt=\"\" class=\"wp-image-17367\" srcset=\"https:\/\/www.zsa.edu.pl\/wp-content\/uploads\/2025\/01\/IMG-20240428-WA0078-1024x768.jpg 1024w, https:\/\/www.zsa.edu.pl\/wp-content\/uploads\/2025\/01\/IMG-20240428-WA0078-300x225.jpg 300w, https:\/\/www.zsa.edu.pl\/wp-content\/uploads\/2025\/01\/IMG-20240428-WA0078-768x576.jpg 768w, https:\/\/www.zsa.edu.pl\/wp-content\/uploads\/2025\/01\/IMG-20240428-WA0078-1536x1152.jpg 1536w, https:\/\/www.zsa.edu.pl\/wp-content\/uploads\/2025\/01\/IMG-20240428-WA0078.jpg 2040w\" sizes=\"auto, (max-width: 1024px) 100vw, 1024px\" \/><\/a><\/figure>\n<\/figure>\n\n\n\n<p><strong>\u2b95 PRZYGOTOWUJEMY DO PRACY W S\u0141U\u017bBACH MUNDUROWYCH <\/strong><\/p>\n\n\n\n<figure class=\"wp-block-video\"><video height=\"480\" style=\"aspect-ratio: 848 \/ 480;\" width=\"848\" controls muted src=\"https:\/\/www.zsa.edu.pl\/wp-content\/uploads\/2025\/01\/VID-20240418-WA0111.mp4\"><\/video><\/figure>\n\n\n\n<div style=\"height:45px\" aria-hidden=\"true\" class=\"wp-block-spacer\"><\/div>\n\n\n\n<p><strong>\u2b95 ROZWIJAMY DYSCYPLIN\u0118 I ODPOWIEDZIALNO\u015a\u0106<\/strong><\/p>\n\n\n\n<h5 style=\"text-align: left;\">W ramach zaj\u0119\u0107 uczniowie maj\u0105 okazj\u0119 uczestniczy\u0107 w szkoleniach z zakresu musztry, samoobrony, pierwszej pomocy przedmedycznej, topografii czy zasad dzia\u0142ania s\u0142u\u017cb ratowniczych. Realistyczne scenariusze \u0107wiczeniowe pozwalaj\u0105 sprawdzi\u0107 umiej\u0119tno\u015bci w praktyce, rozwijaj\u0105c zdolno\u015b\u0107 pracy zespo\u0142owej, podejmowania decyzji pod presj\u0105 oraz budowania odpowiedzialno\u015bci.<\/h5>\n\n\n\n<p><strong>\u2b95 WSP\u00d3\u0141PRACUJEMY Z INSTYTUCJAMI MUNDUROWYMI<\/strong><\/p>\n\n\n\n<figure class=\"wp-block-gallery has-nested-images columns-default is-cropped wp-block-gallery-2 is-layout-flex wp-block-gallery-is-layout-flex\">\n<figure class=\"wp-block-image size-large\"><a href=\"https:\/\/www.zsa.edu.pl\/wp-content\/uploads\/2025\/01\/WhatsApp-Image-2024-04-24-at-21.55.58-3.jpeg\"><img loading=\"lazy\" decoding=\"async\" width=\"1024\" height=\"768\" data-id=\"17371\" src=\"https:\/\/www.zsa.edu.pl\/wp-content\/uploads\/2025\/01\/WhatsApp-Image-2024-04-24-at-21.55.58-3-1024x768.jpeg\" alt=\"\" class=\"wp-image-17371\" srcset=\"https:\/\/www.zsa.edu.pl\/wp-content\/uploads\/2025\/01\/WhatsApp-Image-2024-04-24-at-21.55.58-3-1024x768.jpeg 1024w, https:\/\/www.zsa.edu.pl\/wp-content\/uploads\/2025\/01\/WhatsApp-Image-2024-04-24-at-21.55.58-3-300x225.jpeg 300w, https:\/\/www.zsa.edu.pl\/wp-content\/uploads\/2025\/01\/WhatsApp-Image-2024-04-24-at-21.55.58-3-768x576.jpeg 768w, https:\/\/www.zsa.edu.pl\/wp-content\/uploads\/2025\/01\/WhatsApp-Image-2024-04-24-at-21.55.58-3-1536x1152.jpeg 1536w, https:\/\/www.zsa.edu.pl\/wp-content\/uploads\/2025\/01\/WhatsApp-Image-2024-04-24-at-21.55.58-3.jpeg 2000w\" sizes=\"auto, (max-width: 1024px) 100vw, 1024px\" \/><\/a><\/figure>\n\n\n\n<figure class=\"wp-block-image size-large\"><a href=\"https:\/\/www.zsa.edu.pl\/wp-content\/uploads\/2025\/01\/WhatsApp-Image-2024-04-24-at-21.56.03.jpeg\"><img loading=\"lazy\" decoding=\"async\" width=\"1024\" height=\"768\" data-id=\"17370\" src=\"https:\/\/www.zsa.edu.pl\/wp-content\/uploads\/2025\/01\/WhatsApp-Image-2024-04-24-at-21.56.03-1024x768.jpeg\" alt=\"\" class=\"wp-image-17370\" srcset=\"https:\/\/www.zsa.edu.pl\/wp-content\/uploads\/2025\/01\/WhatsApp-Image-2024-04-24-at-21.56.03-1024x768.jpeg 1024w, https:\/\/www.zsa.edu.pl\/wp-content\/uploads\/2025\/01\/WhatsApp-Image-2024-04-24-at-21.56.03-300x225.jpeg 300w, https:\/\/www.zsa.edu.pl\/wp-content\/uploads\/2025\/01\/WhatsApp-Image-2024-04-24-at-21.56.03-768x576.jpeg 768w, https:\/\/www.zsa.edu.pl\/wp-content\/uploads\/2025\/01\/WhatsApp-Image-2024-04-24-at-21.56.03-1536x1152.jpeg 1536w, https:\/\/www.zsa.edu.pl\/wp-content\/uploads\/2025\/01\/WhatsApp-Image-2024-04-24-at-21.56.03.jpeg 1600w\" sizes=\"auto, (max-width: 1024px) 100vw, 1024px\" \/><\/a><\/figure>\n\n\n\n<figure class=\"wp-block-image size-large\"><a href=\"https:\/\/www.zsa.edu.pl\/wp-content\/uploads\/2025\/01\/WhatsApp-Image-2024-04-24-at-21.56.05-1.jpeg\"><img loading=\"lazy\" decoding=\"async\" width=\"1024\" height=\"768\" data-id=\"17369\" src=\"https:\/\/www.zsa.edu.pl\/wp-content\/uploads\/2025\/01\/WhatsApp-Image-2024-04-24-at-21.56.05-1-1024x768.jpeg\" alt=\"\" class=\"wp-image-17369\" srcset=\"https:\/\/www.zsa.edu.pl\/wp-content\/uploads\/2025\/01\/WhatsApp-Image-2024-04-24-at-21.56.05-1-1024x768.jpeg 1024w, https:\/\/www.zsa.edu.pl\/wp-content\/uploads\/2025\/01\/WhatsApp-Image-2024-04-24-at-21.56.05-1-300x225.jpeg 300w, https:\/\/www.zsa.edu.pl\/wp-content\/uploads\/2025\/01\/WhatsApp-Image-2024-04-24-at-21.56.05-1-768x576.jpeg 768w, https:\/\/www.zsa.edu.pl\/wp-content\/uploads\/2025\/01\/WhatsApp-Image-2024-04-24-at-21.56.05-1-1536x1152.jpeg 1536w, https:\/\/www.zsa.edu.pl\/wp-content\/uploads\/2025\/01\/WhatsApp-Image-2024-04-24-at-21.56.05-1.jpeg 2040w\" sizes=\"auto, (max-width: 1024px) 100vw, 1024px\" \/><\/a><\/figure>\n\n\n\n<figure class=\"wp-block-image size-large\"><a href=\"https:\/\/www.zsa.edu.pl\/wp-content\/uploads\/2025\/01\/WhatsApp-Image-2024-04-24-at-21.57.25-2.jpeg\"><img loading=\"lazy\" decoding=\"async\" width=\"1024\" height=\"768\" data-id=\"17372\" src=\"https:\/\/www.zsa.edu.pl\/wp-content\/uploads\/2025\/01\/WhatsApp-Image-2024-04-24-at-21.57.25-2-1024x768.jpeg\" alt=\"\" class=\"wp-image-17372\" srcset=\"https:\/\/www.zsa.edu.pl\/wp-content\/uploads\/2025\/01\/WhatsApp-Image-2024-04-24-at-21.57.25-2-1024x768.jpeg 1024w, https:\/\/www.zsa.edu.pl\/wp-content\/uploads\/2025\/01\/WhatsApp-Image-2024-04-24-at-21.57.25-2-300x225.jpeg 300w, https:\/\/www.zsa.edu.pl\/wp-content\/uploads\/2025\/01\/WhatsApp-Image-2024-04-24-at-21.57.25-2-768x576.jpeg 768w, https:\/\/www.zsa.edu.pl\/wp-content\/uploads\/2025\/01\/WhatsApp-Image-2024-04-24-at-21.57.25-2-1536x1152.jpeg 1536w, https:\/\/www.zsa.edu.pl\/wp-content\/uploads\/2025\/01\/WhatsApp-Image-2024-04-24-at-21.57.25-2.jpeg 2000w\" sizes=\"auto, (max-width: 1024px) 100vw, 1024px\" \/><\/a><\/figure>\n\n\n\n<figure class=\"wp-block-image size-large is-style-default\"><a href=\"https:\/\/www.zsa.edu.pl\/wp-content\/uploads\/2025\/01\/WhatsApp-Image-2024-04-24-at-21.55.59-1.jpeg\"><img loading=\"lazy\" decoding=\"async\" width=\"1024\" height=\"768\" data-id=\"17373\" src=\"https:\/\/www.zsa.edu.pl\/wp-content\/uploads\/2025\/01\/WhatsApp-Image-2024-04-24-at-21.55.59-1-1024x768.jpeg\" alt=\"\" class=\"wp-image-17373\" srcset=\"https:\/\/www.zsa.edu.pl\/wp-content\/uploads\/2025\/01\/WhatsApp-Image-2024-04-24-at-21.55.59-1-1024x768.jpeg 1024w, https:\/\/www.zsa.edu.pl\/wp-content\/uploads\/2025\/01\/WhatsApp-Image-2024-04-24-at-21.55.59-1-300x225.jpeg 300w, https:\/\/www.zsa.edu.pl\/wp-content\/uploads\/2025\/01\/WhatsApp-Image-2024-04-24-at-21.55.59-1-768x576.jpeg 768w, https:\/\/www.zsa.edu.pl\/wp-content\/uploads\/2025\/01\/WhatsApp-Image-2024-04-24-at-21.55.59-1-1536x1152.jpeg 1536w, https:\/\/www.zsa.edu.pl\/wp-content\/uploads\/2025\/01\/WhatsApp-Image-2024-04-24-at-21.55.59-1.jpeg 2000w\" sizes=\"auto, (max-width: 1024px) 100vw, 1024px\" \/><\/a><\/figure>\n<\/figure>\n\n\n\n<h5 style=\"text-align: left;\">Dzi\u0119ki naszej wsp\u00f3\u0142pracy z jednostkami wojskowymi, policj\u0105 i stra\u017c\u0105 po\u017carn\u0105, nasi uczniowie maj\u0105 mo\u017cliwo\u015b\u0107 uczestniczenia w profesjonalnych szkoleniach i obserwowania pracy s\u0142u\u017cb od wewn\u0105trz. Tego rodzaju praktyki mog\u0105 znacz\u0105co u\u0142atwi\u0107 start w zawodzie po uko\u0144czeniu szko\u0142y.<\/h5>\n\n\n\n<figure class=\"wp-block-video\"><video height=\"352\" style=\"aspect-ratio: 640 \/ 352;\" width=\"640\" controls src=\"https:\/\/www.zsa.edu.pl\/wp-content\/uploads\/2025\/01\/WhatsApp-Video-2023-04-07-at-18.55.06.mp4\"><\/video><\/figure>\n\n\n\n<div style=\"height:45px\" aria-hidden=\"true\" class=\"wp-block-spacer\"><\/div>\n\n\n\n<p class=\"has-text-align-left\"><strong>\u2b95 ROZWIJAMY PASJ\u0118 I UMIEJ\u0118TNO\u015aCI<\/strong><\/p>\n\n\n\n<h5 style=\"text-align: left;\">Umo\u017cliwiamy m\u0142odzie\u017cy rozwija\u0107 pasje zwi\u0105zane z wojskiem, obronno\u015bci\u0105 czy ratownictwem. Opr\u00f3cz zaj\u0119\u0107 teoretycznych i szkole\u0144 nasi uczniowie maj\u0105 okazj\u0119 uczestniczy\u0107 w zawodach sportowych i sprawno\u015bciowych, a tak\u017ce konkursach wiedzy o bezpiecze\u0144stwie i obronno\u015bci.<\/h5>\n\n\n\n<figure class=\"wp-block-gallery has-nested-images columns-default is-cropped wp-block-gallery-3 is-layout-flex wp-block-gallery-is-layout-flex\">\n<figure class=\"wp-block-image size-large\"><a href=\"https:\/\/www.zsa.edu.pl\/wp-content\/uploads\/2025\/01\/WhatsApp-Image-2023-05-28-at-10.45.45.jpeg\"><img loading=\"lazy\" decoding=\"async\" width=\"1024\" height=\"768\" data-id=\"17516\" src=\"https:\/\/www.zsa.edu.pl\/wp-content\/uploads\/2025\/01\/WhatsApp-Image-2023-05-28-at-10.45.45-1024x768.jpeg\" alt=\"\" class=\"wp-image-17516\" srcset=\"https:\/\/www.zsa.edu.pl\/wp-content\/uploads\/2025\/01\/WhatsApp-Image-2023-05-28-at-10.45.45-1024x768.jpeg 1024w, https:\/\/www.zsa.edu.pl\/wp-content\/uploads\/2025\/01\/WhatsApp-Image-2023-05-28-at-10.45.45-300x225.jpeg 300w, https:\/\/www.zsa.edu.pl\/wp-content\/uploads\/2025\/01\/WhatsApp-Image-2023-05-28-at-10.45.45-768x576.jpeg 768w, https:\/\/www.zsa.edu.pl\/wp-content\/uploads\/2025\/01\/WhatsApp-Image-2023-05-28-at-10.45.45-1536x1152.jpeg 1536w, https:\/\/www.zsa.edu.pl\/wp-content\/uploads\/2025\/01\/WhatsApp-Image-2023-05-28-at-10.45.45.jpeg 1600w\" sizes=\"auto, (max-width: 1024px) 100vw, 1024px\" \/><\/a><\/figure>\n\n\n\n<figure class=\"wp-block-image size-large\"><a href=\"https:\/\/www.zsa.edu.pl\/wp-content\/uploads\/2025\/01\/WhatsApp-Image-2023-09-23-at-16.02.45-1.jpeg\"><img loading=\"lazy\" decoding=\"async\" width=\"1024\" height=\"768\" data-id=\"17513\" src=\"https:\/\/www.zsa.edu.pl\/wp-content\/uploads\/2025\/01\/WhatsApp-Image-2023-09-23-at-16.02.45-1-1024x768.jpeg\" alt=\"\" class=\"wp-image-17513\" srcset=\"https:\/\/www.zsa.edu.pl\/wp-content\/uploads\/2025\/01\/WhatsApp-Image-2023-09-23-at-16.02.45-1-1024x768.jpeg 1024w, https:\/\/www.zsa.edu.pl\/wp-content\/uploads\/2025\/01\/WhatsApp-Image-2023-09-23-at-16.02.45-1-300x225.jpeg 300w, https:\/\/www.zsa.edu.pl\/wp-content\/uploads\/2025\/01\/WhatsApp-Image-2023-09-23-at-16.02.45-1-768x576.jpeg 768w, https:\/\/www.zsa.edu.pl\/wp-content\/uploads\/2025\/01\/WhatsApp-Image-2023-09-23-at-16.02.45-1-1536x1152.jpeg 1536w, https:\/\/www.zsa.edu.pl\/wp-content\/uploads\/2025\/01\/WhatsApp-Image-2023-09-23-at-16.02.45-1.jpeg 2048w\" sizes=\"auto, (max-width: 1024px) 100vw, 1024px\" \/><\/a><\/figure>\n\n\n\n<figure class=\"wp-block-image size-large\"><a href=\"https:\/\/www.zsa.edu.pl\/wp-content\/uploads\/2025\/01\/WhatsApp-Image-2023-06-15-at-14.15.32.jpeg\"><img loading=\"lazy\" decoding=\"async\" width=\"1024\" height=\"768\" data-id=\"17518\" src=\"https:\/\/www.zsa.edu.pl\/wp-content\/uploads\/2025\/01\/WhatsApp-Image-2023-06-15-at-14.15.32-1024x768.jpeg\" alt=\"\" class=\"wp-image-17518\" srcset=\"https:\/\/www.zsa.edu.pl\/wp-content\/uploads\/2025\/01\/WhatsApp-Image-2023-06-15-at-14.15.32-1024x768.jpeg 1024w, https:\/\/www.zsa.edu.pl\/wp-content\/uploads\/2025\/01\/WhatsApp-Image-2023-06-15-at-14.15.32-300x225.jpeg 300w, https:\/\/www.zsa.edu.pl\/wp-content\/uploads\/2025\/01\/WhatsApp-Image-2023-06-15-at-14.15.32-768x576.jpeg 768w, https:\/\/www.zsa.edu.pl\/wp-content\/uploads\/2025\/01\/WhatsApp-Image-2023-06-15-at-14.15.32-1536x1152.jpeg 1536w, https:\/\/www.zsa.edu.pl\/wp-content\/uploads\/2025\/01\/WhatsApp-Image-2023-06-15-at-14.15.32.jpeg 1600w\" sizes=\"auto, (max-width: 1024px) 100vw, 1024px\" \/><\/a><\/figure>\n\n\n\n<figure class=\"wp-block-image size-large\"><a href=\"https:\/\/www.zsa.edu.pl\/wp-content\/uploads\/2025\/01\/WhatsApp-Image-2024-03-27-at-18.22.27.jpeg\"><img loading=\"lazy\" decoding=\"async\" width=\"1024\" height=\"695\" data-id=\"17519\" src=\"https:\/\/www.zsa.edu.pl\/wp-content\/uploads\/2025\/01\/WhatsApp-Image-2024-03-27-at-18.22.27-1024x695.jpeg\" alt=\"\" class=\"wp-image-17519\" srcset=\"https:\/\/www.zsa.edu.pl\/wp-content\/uploads\/2025\/01\/WhatsApp-Image-2024-03-27-at-18.22.27-1024x695.jpeg 1024w, https:\/\/www.zsa.edu.pl\/wp-content\/uploads\/2025\/01\/WhatsApp-Image-2024-03-27-at-18.22.27-300x204.jpeg 300w, https:\/\/www.zsa.edu.pl\/wp-content\/uploads\/2025\/01\/WhatsApp-Image-2024-03-27-at-18.22.27-768x521.jpeg 768w, https:\/\/www.zsa.edu.pl\/wp-content\/uploads\/2025\/01\/WhatsApp-Image-2024-03-27-at-18.22.27.jpeg 1530w\" sizes=\"auto, (max-width: 1024px) 100vw, 1024px\" \/><\/a><\/figure>\n\n\n\n<figure class=\"wp-block-image size-large\"><a href=\"https:\/\/www.zsa.edu.pl\/wp-content\/uploads\/2025\/01\/WhatsApp-Image-2023-06-15-at-14.15.31.jpeg\"><img loading=\"lazy\" decoding=\"async\" width=\"1024\" height=\"768\" data-id=\"17517\" src=\"https:\/\/www.zsa.edu.pl\/wp-content\/uploads\/2025\/01\/WhatsApp-Image-2023-06-15-at-14.15.31-1024x768.jpeg\" alt=\"\" class=\"wp-image-17517\" srcset=\"https:\/\/www.zsa.edu.pl\/wp-content\/uploads\/2025\/01\/WhatsApp-Image-2023-06-15-at-14.15.31-1024x768.jpeg 1024w, https:\/\/www.zsa.edu.pl\/wp-content\/uploads\/2025\/01\/WhatsApp-Image-2023-06-15-at-14.15.31-300x225.jpeg 300w, https:\/\/www.zsa.edu.pl\/wp-content\/uploads\/2025\/01\/WhatsApp-Image-2023-06-15-at-14.15.31-768x576.jpeg 768w, https:\/\/www.zsa.edu.pl\/wp-content\/uploads\/2025\/01\/WhatsApp-Image-2023-06-15-at-14.15.31-1536x1152.jpeg 1536w, https:\/\/www.zsa.edu.pl\/wp-content\/uploads\/2025\/01\/WhatsApp-Image-2023-06-15-at-14.15.31.jpeg 1600w\" sizes=\"auto, (max-width: 1024px) 100vw, 1024px\" \/><\/a><\/figure>\n<\/figure>\n\n\n\n<p><\/p>\n","protected":false},"excerpt":{"rendered":"<p>Zaj\u0119cia w naszej szkole oferuj\u0105 szerokie mo\u017cliwo\u015bci zdobycia praktycznych umiej\u0119tno\u015bci, kt\u00f3re s\u0105 niezb\u0119dne w zawodach takich jak policjant, stra\u017cak, \u017co\u0142nierz, ratownik medyczny czy funkcjonariusz s\u0142u\u017cb specjalnych. \u2b95 PRZYGOTOWUJEMY DO PRACY W S\u0141U\u017bBACH MUNDUROWYCH \u2b95 ROZWIJAMY DYSCYPLIN\u0118 I ODPOWIEDZIALNO\u015a\u0106 W ramach zaj\u0119\u0107 uczniowie maj\u0105 okazj\u0119 uczestniczy\u0107 w szkoleniach z zakresu musztry, samoobrony, pierwszej pomocy przedmedycznej, topografii &hellip;<\/p>\n<p class=\"read-more\"> <a class=\"\" href=\"https:\/\/www.zsa.edu.pl\/?page_id=17362\"> <span class=\"screen-reader-text\">PRZYGOTOWUJEMY DO S\u0141U\u017bBY<\/span> Read More &raquo;<\/a><\/p>\n","protected":false},"author":2,"featured_media":0,"parent":0,"menu_order":0,"comment_status":"closed","ping_status":"closed","template":"","meta":{"site-sidebar-layout":"default","site-content-layout":"plain-container","ast-main-header-display":"disabled","ast-hfb-above-header-display":"","ast-hfb-below-header-display":"","ast-hfb-mobile-header-display":"","site-post-title":"","ast-breadcrumbs-content":"","ast-featured-img":"","footer-sml-layout":"","theme-transparent-header-meta":"","adv-header-id-meta":"","stick-header-meta":"","header-above-stick-meta":"","header-main-stick-meta":"","header-below-stick-meta":"","ngg_post_thumbnail":0,"footnotes":""},"class_list":["post-17362","page","type-page","status-publish","hentry"],"_links":{"self":[{"href":"https:\/\/www.zsa.edu.pl\/index.php?rest_route=\/wp\/v2\/pages\/17362","targetHints":{"allow":["GET"]}}],"collection":[{"href":"https:\/\/www.zsa.edu.pl\/index.php?rest_route=\/wp\/v2\/pages"}],"about":[{"href":"https:\/\/www.zsa.edu.pl\/index.php?rest_route=\/wp\/v2\/types\/page"}],"author":[{"embeddable":true,"href":"https:\/\/www.zsa.edu.pl\/index.php?rest_route=\/wp\/v2\/users\/2"}],"replies":[{"embeddable":true,"href":"https:\/\/www.zsa.edu.pl\/index.php?rest_route=%2Fwp%2Fv2%2Fcomments&post=17362"}],"version-history":[{"count":12,"href":"https:\/\/www.zsa.edu.pl\/index.php?rest_route=\/wp\/v2\/pages\/17362\/revisions"}],"predecessor-version":[{"id":17523,"href":"https:\/\/www.zsa.edu.pl\/index.php?rest_route=\/wp\/v2\/pages\/17362\/revisions\/17523"}],"wp:attachment":[{"href":"https:\/\/www.zsa.edu.pl\/index.php?rest_route=%2Fwp%2Fv2%2Fmedia&parent=17362"}],"curies":[{"name":"wp","href":"https:\/\/api.w.org\/{rel}","templated":true}]}}