{"id":11430,"date":"2022-11-16T16:42:53","date_gmt":"2022-11-16T15:42:53","guid":{"rendered":"http:\/\/www.zsa.edu.pl\/?page_id=11430"},"modified":"2024-02-11T12:16:04","modified_gmt":"2024-02-11T11:16:04","slug":"media-o-nas","status":"publish","type":"page","link":"https:\/\/www.zsa.edu.pl\/?page_id=11430","title":{"rendered":"Media o nas"},"content":{"rendered":"\n<p><img loading=\"lazy\" decoding=\"async\" class=\"alignnone wp-image-11431 size-full\" src=\"http:\/\/www.zsa.edu.pl\/wp-content\/uploads\/2022\/11\/Media-o-Nas.png\" alt=\"\" width=\"1000\" height=\"250\" srcset=\"https:\/\/www.zsa.edu.pl\/wp-content\/uploads\/2022\/11\/Media-o-Nas.png 1000w, https:\/\/www.zsa.edu.pl\/wp-content\/uploads\/2022\/11\/Media-o-Nas-300x75.png 300w, https:\/\/www.zsa.edu.pl\/wp-content\/uploads\/2022\/11\/Media-o-Nas-768x192.png 768w\" sizes=\"auto, (max-width: 1000px) 100vw, 1000px\" \/><\/p>\n\n\n\n<ul>\n<li style=\"text-align: left;\"><strong><a href=\"https:\/\/gp24.pl\/pokaz-broni-w-zespole-szkol-mundurowych-w-slupsku-zdjecia\/ar\/c1-16420109\" target=\"_blank\" rel=\"noopener\">Pokaz broni w Zespole Szk\u00f3\u0142 Mundurowych w S\u0142upsku&nbsp;&#8211; artyku\u0142 &#8220;G\u0142osu Pomorza&#8221;<\/a><\/strong><\/li>\n<li class=\"atomsArticleHead__title\" style=\"text-align: left;\" data-event-position-attr=\"atomsArticleHead__title\"><strong><a href=\"https:\/\/gp24.pl\/musztra-i-zaprawa-fizyczna-kadeci-z-zespolu-szkol-mundurowych-w-slupsku-na-cwiczeniach-w-7-bow-zdjecia\/ar\/c5-16134471\" target=\"_blank\" rel=\"noopener\">Musztra i zaprawa fizyczna. Kadeci z Zespo\u0142u Szk\u00f3\u0142 Mundurowych w S\u0142upsku na \u0107wiczeniach w 7. BOW &#8211; artyku\u0142 &#8220;G\u0142osu Pomorza&#8221;<\/a><\/strong><\/li>\n<li class=\"atomsArticleHead__title\" style=\"text-align: left;\" data-event-position-attr=\"atomsArticleHead__title\"><strong><a href=\"https:\/\/gp24.pl\/kadeci-z-zespolu-szkol-mundurowych-w-slupsku-po-obozie-szkoleniowym-zdjecia\/ar\/c5-16360693\" target=\"_blank\" rel=\"noopener\">Kadeci z Zespo\u0142u Szk\u00f3\u0142 Mundurowych w S\u0142upsku po obozie szkoleniowym &#8211; artyku\u0142 &#8220;G\u0142osu Pomorza&#8221;<\/a><\/strong><\/li>\n<li class=\"atomsArticleHead__title\" style=\"text-align: left;\" data-event-position-attr=\"atomsArticleHead__title\"><strong><a href=\"https:\/\/gp24.pl\/mlodziez-ze-slupska-sprzatala-las-i-musiala-gasic-pozar-wideo-zdjecia\/ar\/c1-15186618\" target=\"_blank\" rel=\"noopener\">M\u0142odzie\u017c ze S\u0142upska sprz\u0105ta\u0142a las i musia\u0142a gasi\u0107 po\u017car &#8211; artyku\u0142 &#8220;G\u0142osu Pomorza&#8221;<\/a><\/strong><\/li>\n<li class=\"post-title item fn\" style=\"text-align: left;\"><strong><a href=\"https:\/\/info.kanal6.pl\/2022\/04\/13\/strzelcy-z-klas-mundurowych\/\" target=\"_blank\" rel=\"noopener\">Strzelcy z klas mundurowych &#8211; materia\u0142 Kana\u0142u 6<\/a><\/strong><\/li>\n<li style=\"text-align: left;\"><strong><a href=\"https:\/\/info.kanal6.pl\/2020\/07\/01\/mundur-zobowiazuje\/\" target=\"_blank\" rel=\"noopener\">Mundur zobowi\u0105zuje &#8211; materia\u0142 Kana\u0142u 6&nbsp;<\/a><\/strong><\/li>\n<li class=\"post-title item fn\" style=\"text-align: left;\"><strong><a href=\"https:\/\/info.kanal6.pl\/2022\/05\/12\/oboz-szkoleniowy-mundurowki\/\" target=\"_blank\" rel=\"noopener\">Ob\u00f3z szkoleniowy mundur\u00f3wki &#8211; materia\u0142 Kana\u0142u 6<\/a><\/strong><\/li>\n<li style=\"text-align: left;\"><strong><a href=\"https:\/\/info.kanal6.pl\/2020\/03\/04\/bieg-dwustu\/\" target=\"_blank\" rel=\"noopener\">Bieg dwustu &#8211; materia\u0142 Kana\u0142u 6<\/a>&nbsp;<\/strong><\/li>\n<li style=\"text-align: left;\"><strong><a href=\"https:\/\/info.kanal6.pl\/2019\/10\/22\/niecodzienni-goscie-w-zespole-szkol-akademickich\/\" target=\"_blank\" rel=\"noopener\">Niecodzienni go\u015bcie w Zespole Szk\u00f3\u0142 Akademickich &#8211; materia\u0142 Kana\u0142u 6<\/a><\/strong><\/li>\n<li><strong><a href=\"https:\/\/gp24.pl\/slubowanie-klas-pierwszych-w-zespole-szkol-mundurowych-w-slupsku-smialy-krok-ku-sluzbie-w-mundurze\/ar\/c1-17076841\" target=\"_blank\" rel=\"noopener\">\u015alubowanie klas pierwszych w Zespole Szk\u00f3\u0142 Mundurowych w S\u0142upsku. \u015amia\u0142y krok ku s\u0142u\u017cbie w mundurze &#8211; artyku\u0142 &#8220;G\u0142osu Pomorza&#8221;<\/a><\/strong><\/li>\n<li><strong><a href=\"https:\/\/gp24.pl\/studniowki-2023-tak-bawili-sie-uczniowie-zespolu-szkol-mundurowych-w-slupsku\/ar\/c1-17262957\" target=\"_blank\" rel=\"noopener\">Studni\u00f3wki 2023. Tak bawili si\u0119 uczniowie Zespo\u0142u Szk\u00f3\u0142 Mundurowych w S\u0142upsku &#8211; artyku\u0142 &#8220;G\u0142osu Pomorza&#8221;<\/a><\/strong><\/li>\n<li><strong><a href=\"https:\/\/prk24.pl\/66092130\/slupskie-szkoly-rozpoczely-wspolprace-ze-straza-graniczna?fbclid=IwAR2u-KPqRLxVsXspFrBImH1xy4ygVtzgGe5x6v5yKr98lmjlYcC0Mz7y5sI\" target=\"_blank\" rel=\"noopener\">S\u0142upskie szko\u0142y rozpocz\u0119\u0142y wsp\u00f3\u0142prac\u0119 ze Stra\u017c\u0105 Graniczn\u0105 &#8211; materia\u0142 Radia S\u0142upsk<\/a><\/strong><\/li>\n<li><strong><a href=\"https:\/\/gp24.pl\/w-slupskich-szkolach-ucza-sie-przyszli-funkcjonariusze-strazy-granicznej-podpisano-porozumienie-o-wspolpracy\/ar\/c1-17269843?fbclid=IwAR20mw2JI4OKzVRDKeEe0QVZ3lXbN9ov_KLQt5CBhhXUncMjn4xThRBHpPY\" target=\"_blank\" rel=\"noopener\">W s\u0142upskich szko\u0142ach ucz\u0105 si\u0119 przyszli funkcjonariusze Stra\u017cy Granicznej. Podpisano porozumienie o wsp\u00f3\u0142pracy &#8211; artyku\u0142 &#8220;G\u0142osu Pomorza&#8221;<\/a><\/strong><\/li>\n<li><strong><a href=\"https:\/\/gp24.pl\/dzis-swietuja-harcerze-na-calym-swiecie-rozmowa-z-przewodnikiem-grzegorzem-zalupka\/ar\/c1-17305085?fbclid=IwAR3bX_IGnEcmAWqQAOWlkwHmzIEt17YOGMH52tP3lRl2dj7i8iSqHIFzHHA\" target=\"_blank\" rel=\"noopener\">Dzi\u015b \u015bwi\u0119tuj\u0105 harcerze na ca\u0142ym \u015bwiecie. Rozmowa z przewodnikiem Grzegorzem Za\u0142upk\u0105 &#8211; artyku\u0142 &#8220;G\u0142osu Pomorza&#8221;<\/a><\/strong><\/li>\n<li><strong><a href=\"https:\/\/gp24.pl\/kadeci-zespolu-szkol-mundurowych-w-slupsku-wrocili-z-obozu-szkoleniowego-w-ustce-byly-zajecia-z-taktyki-maskowania-i-survivalu\/ar\/c1-17449599\" target=\"_blank\" rel=\"noopener\">Kadeci Zespo\u0142u Szk\u00f3\u0142 Mundurowych w S\u0142upsku wr\u00f3cili z obozu szkoleniowego w Ustce. By\u0142y zaj\u0119cia z taktyki, maskowania i survivalu &#8211; artyku\u0142 &#8220;G\u0142osu Pomorza&#8221;<\/a><\/strong><\/li>\n<li><strong><a href=\"https:\/\/gp24.pl\/uczniowie-zespolu-szkol-mundurowych-w-slupsku-szkolili-sie-na-obozie-w-ustce-byly-intensywne-cwiczenia-ale-tez-czas-na\/ar\/c1-17581171\" target=\"_blank\" rel=\"noopener\">Uczniowie Zespo\u0142u Szk\u00f3\u0142 Mundurowych w S\u0142upsku szkolili si\u0119 na obozie w Ustce. By\u0142y intensywne \u0107wiczenia, ale te\u017c czas na integracj\u0119 &#8211; artyku\u0142 &#8220;G\u0142osu Pomorza&#8221;<\/a><\/strong><\/li>\n<li><strong><a href=\"https:\/\/gp24.pl\/rekordowe-zainteresowanie-klasami-opw-w-slupskich-szkolach-mlodziez-coraz-intensywniej-mysli-o-karierze-w-wojsku\/ar\/c1-17714485\" target=\"_blank\" rel=\"noopener\">Rekordowe zainteresowanie klasami OPW w s\u0142upskich szko\u0142ach. M\u0142odzie\u017c coraz intensywniej my\u015bli o karierze w wojsku &#8211; artyku\u0142 &#8220;G\u0142osu Pomorza&#8221;<\/a><\/strong><\/li>\n<li><strong><a href=\"https:\/\/gp24.pl\/slubowanie-i-pasowanie-uczniow-w-zespole-szkol-mundurowych-w-slupsku-wielkie-swieto-mlodych-kadetow-zdjeciawideo\/ar\/c1-18095773\" target=\"_blank\" rel=\"noopener\">\u015alubowanie i pasowanie uczni\u00f3w w Zespole Szk\u00f3\u0142 Mundurowych w S\u0142upsku. Wielkie \u015bwi\u0119to m\u0142odych kadet\u00f3w &#8211; artyku\u0142 &#8220;G\u0142osu Pomorza&#8221;<\/a><\/strong><\/li>\n<li><strong><a href=\"https:\/\/gp24.pl\/studniowki-2024-bal-uczniow-zespolu-szkol-mundurowych-w-slupsku-zdjecia\/ar\/c1-18267459\" target=\"_blank\" rel=\"noopener\">Studni\u00f3wki 2024. Bal uczni\u00f3w Zespo\u0142u Szk\u00f3\u0142 Mundurowych w S\u0142upsku &#8211; artyku\u0142 &#8220;G\u0142osu Pomorza&#8221;<\/a><\/strong><\/li>\n<\/ul>\n<h5 style=\"text-align: left;\">&nbsp;<\/h5>\n","protected":false},"excerpt":{"rendered":"<p>Pokaz broni w Zespole Szk\u00f3\u0142 Mundurowych w S\u0142upsku&nbsp;&#8211; artyku\u0142 &#8220;G\u0142osu Pomorza&#8221; Musztra i zaprawa fizyczna. Kadeci z Zespo\u0142u Szk\u00f3\u0142 Mundurowych w S\u0142upsku na \u0107wiczeniach w 7. BOW &#8211; artyku\u0142 &#8220;G\u0142osu Pomorza&#8221; Kadeci z Zespo\u0142u Szk\u00f3\u0142 Mundurowych w S\u0142upsku po obozie szkoleniowym &#8211; artyku\u0142 &#8220;G\u0142osu Pomorza&#8221; M\u0142odzie\u017c ze S\u0142upska sprz\u0105ta\u0142a las i musia\u0142a gasi\u0107 po\u017car &#8211; &hellip;<\/p>\n<p class=\"read-more\"> <a class=\"\" href=\"https:\/\/www.zsa.edu.pl\/?page_id=11430\"> <span class=\"screen-reader-text\">Media o nas<\/span> Read More &raquo;<\/a><\/p>\n","protected":false},"author":2,"featured_media":0,"parent":0,"menu_order":0,"comment_status":"closed","ping_status":"closed","template":"","meta":{"site-sidebar-layout":"default","site-content-layout":"plain-container","ast-main-header-display":"disabled","ast-hfb-above-header-display":"","ast-hfb-below-header-display":"","ast-hfb-mobile-header-display":"","site-post-title":"disabled","ast-breadcrumbs-content":"","ast-featured-img":"","footer-sml-layout":"","theme-transparent-header-meta":"","adv-header-id-meta":"","stick-header-meta":"","header-above-stick-meta":"","header-main-stick-meta":"","header-below-stick-meta":"","ngg_post_thumbnail":0,"footnotes":""},"class_list":["post-11430","page","type-page","status-publish","hentry"],"_links":{"self":[{"href":"https:\/\/www.zsa.edu.pl\/index.php?rest_route=\/wp\/v2\/pages\/11430","targetHints":{"allow":["GET"]}}],"collection":[{"href":"https:\/\/www.zsa.edu.pl\/index.php?rest_route=\/wp\/v2\/pages"}],"about":[{"href":"https:\/\/www.zsa.edu.pl\/index.php?rest_route=\/wp\/v2\/types\/page"}],"author":[{"embeddable":true,"href":"https:\/\/www.zsa.edu.pl\/index.php?rest_route=\/wp\/v2\/users\/2"}],"replies":[{"embeddable":true,"href":"https:\/\/www.zsa.edu.pl\/index.php?rest_route=%2Fwp%2Fv2%2Fcomments&post=11430"}],"version-history":[{"count":8,"href":"https:\/\/www.zsa.edu.pl\/index.php?rest_route=\/wp\/v2\/pages\/11430\/revisions"}],"predecessor-version":[{"id":15504,"href":"https:\/\/www.zsa.edu.pl\/index.php?rest_route=\/wp\/v2\/pages\/11430\/revisions\/15504"}],"wp:attachment":[{"href":"https:\/\/www.zsa.edu.pl\/index.php?rest_route=%2Fwp%2Fv2%2Fmedia&parent=11430"}],"curies":[{"name":"wp","href":"https:\/\/api.w.org\/{rel}","templated":true}]}}